{"id":7771,"date":"2023-05-20T08:51:22","date_gmt":"2023-05-20T08:51:22","guid":{"rendered":"https:\/\/biosaber.pt\/?post_type=product&#038;p=7771"},"modified":"2026-04-22T15:51:54","modified_gmt":"2026-04-22T15:51:54","slug":"figo-com-amendoas-e-chocolate","status":"publish","type":"product","link":"https:\/\/biosaber.pt\/en\/produto\/figo-com-amendoas-e-chocolate\/","title":{"rendered":"Figo com Am\u00eandoas e Chocolate"},"content":{"rendered":"<p><b>Ingredientes:<br \/>\n<\/b>Figos Secos (Origem: Espanha) 90%, <b>AM\u00caNDOAS <\/b>4%, gotas de chocolate com um m\u00ednimo de 46% de cacau (a\u00e7\u00facar, pasta de cacau, manteiga de cacau, emulsificante (lecitina de girassol E-322) aroma natural de baunilha) 4%, Canela e Anis.<\/p>\n<p><strong>Peso:<\/strong> 200g<br \/>\n<b>Validade: <\/b>6 meses.<\/p>\n<p><img decoding=\"async\" class=\"alignnone wp-image-7705\" src=\"https:\/\/biosaber.pt\/wp-content\/uploads\/2023\/05\/feito-a-mao.svg\" alt=\"t\u00e2mara e noz\" width=\"97\" height=\"36\" \/><\/p>\n<p><strong>Declara\u00e7\u00e3o nutricional m\u00e9dia (100gr):<\/strong><br \/>\nValor energ\u00e9tico (kJ\/Kcal) 1298\/307<br \/>\nL\u00edpidos 4.1g<br \/>\nDos quais saturados 1.2g<br \/>\nHidratos de Carbono 60.0g<br \/>\nDos quais a\u00e7\u00facares 39.2g<br \/>\nFibra 7.0g<br \/>\nProte\u00edna 4.1g<br \/>\nSal 0.01g<\/p>\n<p><strong>Conserva\u00e7\u00e3o: <\/strong><br \/>\nManter num local fresco e arejado.<br \/>\nEste produto encontra-se selado em v\u00e1cuo.<\/p>\n<p class=\"p1\"><b>Alerg\u00e9nicos: <\/b><b>Nozes <\/b>(Am\u00eandoas, Avel\u00e3s, Nozes, Caju, Nozes Pecan, Castanha do Brasil, Pistache, Macad\u00e2mia, noz de Queensland e produtos derivados), <b>Leite <\/b>e seus derivados, <b>soja <\/b>e <b>sulfitos<\/b>.<\/p>\n","protected":false},"excerpt":{"rendered":"<p>Am\u00eandoas gentilmente prensadas \u00e0 m\u00e3o entre figos secos s\u00e3o o toque guloso que falta \u00e0 sua mesa. A fragr\u00e2ncia rica dos figos secos transpira a ar do campo e como n\u00e3o podia deixar de ser,\u00a0 sem adi\u00e7\u00e3o de a\u00e7\u00facar. Pint\u00e1mos ainda este arranjo com umas pepitas de chocolate, canela e anis, que adicionam um toque fresco e irreverente.<\/p>\n<p>&nbsp;<\/p>\n<p>Uma das melhores combina\u00e7\u00f5es de frutas e frutos que a terra tem para nos oferecer.<\/p>\n<p>&nbsp;<\/p>\n<p>Intensidade do sabor: <img decoding=\"async\" class=\"alignnone wp-image-7717\" src=\"https:\/\/biosaber.pt\/wp-content\/uploads\/2023\/05\/intensidade-4.svg\" alt=\"t\u00e2mara e noz\" width=\"70\" \/><br \/>\nTextura: <img decoding=\"async\" class=\"alignnone wp-image-7723\" src=\"https:\/\/biosaber.pt\/wp-content\/uploads\/2023\/05\/intensidade-6.svg\" alt=\"t\u00e2mara e noz\" width=\"70\" \/><br \/>\nDo\u00e7ura: <img decoding=\"async\" class=\"alignnone wp-image-7717\" src=\"https:\/\/biosaber.pt\/wp-content\/uploads\/2023\/05\/intensidade-4.svg\" alt=\"t\u00e2mara e noz\" width=\"70\" \/><\/p>\n","protected":false},"featured_media":7338,"template":"","meta":{"_seopress_robots_primary_cat":"none"},"product_cat":[35],"product_tag":[],"_links":{"self":[{"href":"https:\/\/biosaber.pt\/en\/wp-json\/wp\/v2\/product\/7771"}],"collection":[{"href":"https:\/\/biosaber.pt\/en\/wp-json\/wp\/v2\/product"}],"about":[{"href":"https:\/\/biosaber.pt\/en\/wp-json\/wp\/v2\/types\/product"}],"version-history":[{"count":6,"href":"https:\/\/biosaber.pt\/en\/wp-json\/wp\/v2\/product\/7771\/revisions"}],"predecessor-version":[{"id":26089,"href":"https:\/\/biosaber.pt\/en\/wp-json\/wp\/v2\/product\/7771\/revisions\/26089"}],"wp:featuredmedia":[{"embeddable":true,"href":"https:\/\/biosaber.pt\/en\/wp-json\/wp\/v2\/media\/7338"}],"wp:attachment":[{"href":"https:\/\/biosaber.pt\/en\/wp-json\/wp\/v2\/media?parent=7771"}],"wp:term":[{"taxonomy":"product_cat","embeddable":true,"href":"https:\/\/biosaber.pt\/en\/wp-json\/wp\/v2\/product_cat?post=7771"},{"taxonomy":"product_tag","embeddable":true,"href":"https:\/\/biosaber.pt\/en\/wp-json\/wp\/v2\/product_tag?post=7771"}],"curies":[{"name":"wp","href":"https:\/\/api.w.org\/{rel}","templated":true}]}}