{"id":7789,"date":"2023-05-20T09:58:37","date_gmt":"2023-05-20T09:58:37","guid":{"rendered":"https:\/\/biosaber.pt\/?post_type=product&#038;p=7789"},"modified":"2026-04-21T16:37:14","modified_gmt":"2026-04-21T16:37:14","slug":"alho-e-oregaos","status":"publish","type":"product","link":"https:\/\/biosaber.pt\/en\/produto\/alho-e-oregaos\/","title":{"rendered":"Alho e Or\u00e9g\u00e3os"},"content":{"rendered":"<p><b>Ingredientes:<br \/>\n<\/b>Leite de vaca e cabra (origem Portugal), coalho, fermento, alho, or\u00e9g\u00e3os e sal.<\/p>\n<p><strong>Peso:<\/strong> 200 g em <strong>v\u00e1cuo<\/strong>.<br \/>\n<b>Validade: <\/b>6 meses.<\/p>\n<p><strong>Declara\u00e7\u00e3o nutricional m\u00e9dia (100gr):<\/strong><br \/>\nEnergia: 1566 kj\/378 kcal<br \/>\nL\u00edpidos: 32,3 g<br \/>\nDos quais saturados: 22,6 g<br \/>\nProte\u00ednas: 19,7 g<br \/>\nHidratos de carbono: 2,1 g<br \/>\nDos quais a\u00e7\u00facares: 0,5 g<br \/>\nSal: 1,2 g<\/p>\n<p class=\"p1\"><b>Alerg\u00e9nicos: <\/b>Leite de cabra e vaca; lisozima (proveniente do ovo)<\/p>\n","protected":false},"excerpt":{"rendered":"<p>Deixe-se surpreender por esta combina\u00e7\u00e3o de sabores e aromas, caracter\u00edsticos da cozinha mediterr\u00e2nea.<br \/>\nO Queijo de Alho e Or\u00e9g\u00e3os apresenta um paladar bastante equilibrado, refletindo a acidez bem presente do alho, enquanto os or\u00e9g\u00e3os conferem um toque fresco e vibrante. Reunimos uma textura homog\u00e9nea e simples onde o sabor \u00e9 a alma da mesa.<\/p>\n<p>&nbsp;<\/p>\n<p>Este Queijo de Alho e Or\u00e9g\u00e3os \u00e9 um acompanhamento divinal para:<\/p>\n<p>\u2014 Vinho verde ou ros\u00e9 fresco.<br \/>\n\u2014 Saladas coloridas ganharam alma, com umas lascas generosas.<br \/>\n\u2014 Uvas, ma\u00e7\u00e3 e tostas fazem sobressair o paladar original.<\/p>\n<p>&nbsp;<\/p>\n<p>Experimente este petisco que nasceu desta uni\u00e3o, onde cas\u00e1mos texturas, aromas e sabores naturais e muito nutritivos, sem adi\u00e7\u00e3o de a\u00e7\u00facar.<\/p>\n<p>&nbsp;<\/p>\n<p><img decoding=\"async\" class=\"alignnone size-full wp-image-7801\" src=\"https:\/\/biosaber.pt\/wp-content\/uploads\/2023\/05\/queijo-sabores-icon.svg\" alt=\"tomate seco e piri piri\" width=\"138\" height=\"42\" \/><\/p>\n<p>&nbsp;<\/p>\n<p>Intensidade do sabor: <img decoding=\"async\" class=\"alignnone wp-image-7720\" src=\"https:\/\/biosaber.pt\/wp-content\/uploads\/2023\/05\/intensidade-5.svg\" alt=\"t\u00e2mara e noz\" width=\"70\" \/><br \/>\nTextura: <img decoding=\"async\" class=\"alignnone wp-image-7711\" src=\"https:\/\/biosaber.pt\/wp-content\/uploads\/2023\/05\/intensidade-2.svg\" alt=\"t\u00e2mara e noz\" width=\"70\" \/><\/p>\n","protected":false},"featured_media":26049,"template":"","meta":{"_seopress_robots_primary_cat":"none"},"product_cat":[36],"product_tag":[],"_links":{"self":[{"href":"https:\/\/biosaber.pt\/en\/wp-json\/wp\/v2\/product\/7789"}],"collection":[{"href":"https:\/\/biosaber.pt\/en\/wp-json\/wp\/v2\/product"}],"about":[{"href":"https:\/\/biosaber.pt\/en\/wp-json\/wp\/v2\/types\/product"}],"version-history":[{"count":9,"href":"https:\/\/biosaber.pt\/en\/wp-json\/wp\/v2\/product\/7789\/revisions"}],"predecessor-version":[{"id":9255,"href":"https:\/\/biosaber.pt\/en\/wp-json\/wp\/v2\/product\/7789\/revisions\/9255"}],"wp:featuredmedia":[{"embeddable":true,"href":"https:\/\/biosaber.pt\/en\/wp-json\/wp\/v2\/media\/26049"}],"wp:attachment":[{"href":"https:\/\/biosaber.pt\/en\/wp-json\/wp\/v2\/media?parent=7789"}],"wp:term":[{"taxonomy":"product_cat","embeddable":true,"href":"https:\/\/biosaber.pt\/en\/wp-json\/wp\/v2\/product_cat?post=7789"},{"taxonomy":"product_tag","embeddable":true,"href":"https:\/\/biosaber.pt\/en\/wp-json\/wp\/v2\/product_tag?post=7789"}],"curies":[{"name":"wp","href":"https:\/\/api.w.org\/{rel}","templated":true}]}}