{"id":7820,"date":"2023-05-20T11:16:10","date_gmt":"2023-05-20T11:16:10","guid":{"rendered":"https:\/\/biosaber.pt\/?post_type=product&#038;p=7820"},"modified":"2026-04-20T16:12:30","modified_gmt":"2026-04-20T16:12:30","slug":"queijo-de-ovelha-serra-amanteigado-premium","status":"publish","type":"product","link":"https:\/\/biosaber.pt\/en\/produto\/queijo-de-ovelha-serra-amanteigado-premium\/","title":{"rendered":"Queijo de Ovelha &#8211; Serra Amanteigado Premium"},"content":{"rendered":"<p><strong><b>Refer\u00eancias<\/b>:<\/strong><br \/>\n<strong>QA-200 <\/strong>(caixa grande)<br \/>\n<strong>QA-210\u00a0 <\/strong>(caixa pequena)<\/p>\n<p><b>Ingredientes:<br \/>\n<\/b>Leite cru de ovelha, sal e a flor de cardo.<\/p>\n<p><strong>Peso:<\/strong> Entre 0,5 kg e 1,2 kg em v\u00e1cuo e sem caixa<br \/>\n<b>Validade:<\/b>\u00a012 meses.<\/p>\n<p><strong>Conserva\u00e7\u00e3o: <\/strong>de prefer\u00eancia no frio (8\u00ba a 12\u00ba)<br \/>\n<b>Cura:<\/b> 30 a 60 dias.<\/p>\n<p><strong>Declara\u00e7\u00e3o nutricional m\u00e9dia (100gr):<\/strong><br \/>\nInforma\u00e7\u00e3o nutricional por 100 g:<br \/>\nValor energ\u00e9tico 1476 kj \/ 356 kcal;<br \/>\nL\u00edpidos 30,1 g;<br \/>\nHidratos de carbono 1,4 g;<br \/>\nProte\u00ednas 19,9 g e<br \/>\nSal 1,93 g.<\/p>\n<p class=\"p1\"><b>Alerg\u00e9nicos: <\/b>Leite de ovelha<\/p>\n","protected":false},"excerpt":{"rendered":"<p class=\"p1\">A arte \u00e0 sua mesa.<\/p>\n<p class=\"p1\">Com o queijo <b>Vale da Prata Premium <\/b>a sofistica\u00e7\u00e3o est\u00e1 garantida.<\/p>\n<p>O cuidado em cada detalhe come\u00e7a pela apresenta\u00e7\u00e3o em caixa de madeira de pinho,\u00a0com um design minuciosamente elaborado, permite que sirva os acompanhamentos secos com eleg\u00e2ncia, sejam eles p\u00e3o, tostas ou sticks. Para se presentear ou surpreender um familiar ou amigo de longa data, esta \u00e9 uma das apresenta\u00e7\u00f5es mais marcantes que temos para si.<\/p>\n<p class=\"p1\">De bouquet intenso, limpo e ligeiramente acidulado, este <b>Queijo da Serra Amanteigado Vale da Prata <\/b>transporta- nos para os prados verdejantes da majestosa Serra da Estrela que se estendem a perder de vista, onde as nossas ovelhas pastam tranquilamente. Produzido manualmente com vagar e ingredientes puros, leite cru de ovelha, sal e a flor de cardo.<\/p>\n<p class=\"p1\">Uma das nossas inova\u00e7\u00f5es \u00e9 o facto do nosso queijo chegar a sua casa em v\u00e1cuo, o que permite uma maior facilidade de manuseamento e durabilidade, mantendo a qualidade que lhe \u00e9 carater\u00edstica. Esta solu\u00e7\u00e3o foi desenvolvida para dar resposta aos nossos clientes mais fi\u00e9is que procuravam esta versatilidade.<\/p>\n<p class=\"p1\">Leite 100% nacional das encostas da Serra da Estrela.<\/p>\n<p>&nbsp;<\/p>\n<p>Intensidade: <img decoding=\"async\" class=\"alignnone wp-image-7717\" src=\"https:\/\/biosaber.pt\/wp-content\/uploads\/2023\/05\/intensidade-4.svg\" alt=\"t\u00e2mara e noz\" width=\"70\" \/><br \/>\nAcidez:\u00a0 \u00a0 \u00a0 \u00a0 \u00a0 \u00a0<img decoding=\"async\" class=\"alignnone wp-image-7720\" src=\"https:\/\/biosaber.pt\/wp-content\/uploads\/2023\/05\/intensidade-5.svg\" alt=\"t\u00e2mara e noz\" width=\"70\" \/><br \/>\nTextura:\u00a0 \u00a0 \u00a0 \u00a0 \u00a0<img decoding=\"async\" class=\"alignnone wp-image-7711\" src=\"https:\/\/biosaber.pt\/wp-content\/uploads\/2023\/05\/intensidade-2.svg\" alt=\"t\u00e2mara e noz\" width=\"70\" \/><\/p>\n","protected":false},"featured_media":26007,"template":"","meta":{"_seopress_robots_primary_cat":"none"},"product_cat":[42],"product_tag":[],"_links":{"self":[{"href":"https:\/\/biosaber.pt\/en\/wp-json\/wp\/v2\/product\/7820"}],"collection":[{"href":"https:\/\/biosaber.pt\/en\/wp-json\/wp\/v2\/product"}],"about":[{"href":"https:\/\/biosaber.pt\/en\/wp-json\/wp\/v2\/types\/product"}],"version-history":[{"count":15,"href":"https:\/\/biosaber.pt\/en\/wp-json\/wp\/v2\/product\/7820\/revisions"}],"predecessor-version":[{"id":10315,"href":"https:\/\/biosaber.pt\/en\/wp-json\/wp\/v2\/product\/7820\/revisions\/10315"}],"wp:featuredmedia":[{"embeddable":true,"href":"https:\/\/biosaber.pt\/en\/wp-json\/wp\/v2\/media\/26007"}],"wp:attachment":[{"href":"https:\/\/biosaber.pt\/en\/wp-json\/wp\/v2\/media?parent=7820"}],"wp:term":[{"taxonomy":"product_cat","embeddable":true,"href":"https:\/\/biosaber.pt\/en\/wp-json\/wp\/v2\/product_cat?post=7820"},{"taxonomy":"product_tag","embeddable":true,"href":"https:\/\/biosaber.pt\/en\/wp-json\/wp\/v2\/product_tag?post=7820"}],"curies":[{"name":"wp","href":"https:\/\/api.w.org\/{rel}","templated":true}]}}