{"id":8065,"date":"2023-05-21T17:15:49","date_gmt":"2023-05-21T17:15:49","guid":{"rendered":"https:\/\/biosaber.pt\/?post_type=product&#038;p=8065"},"modified":"2023-06-27T15:10:25","modified_gmt":"2023-06-27T15:10:25","slug":"sardinhas-em-azeite","status":"publish","type":"product","link":"https:\/\/biosaber.pt\/en\/produto\/sardinhas-em-azeite\/","title":{"rendered":"Sardinhas em azeite"},"content":{"rendered":"<p><b>Refer\u00eancia:<br \/>\n<\/b>CS-100<\/p>\n<p><b>Ingredientes:<br \/>\n<\/b>Sardinhas (70%), azeite (29%), sal (1%).<\/p>\n<p class=\"p1\"><b>Esp\u00e9cie<\/b>: Sardinha (Sardina pilchardus)<\/p>\n<p><strong>Peso L\u00edquido:<\/strong> 120g<\/p>\n<p><strong>Declara\u00e7\u00e3o nutricional m\u00e9dia (100gr):<\/strong><br \/>\nValores m\u00e9dios por 100g de produto escorrido<br \/>\nEnergia 1089 kJ \/ 262 Kcal<br \/>\nL\u00edpidos 20,2 g<br \/>\ndos quais saturados 4,2 g<br \/>\ndos quais polinsaturados 2,9 g<br \/>\nHidratos de Carbono 0g<br \/>\ndos quais a\u00e7\u00facares 0g<br \/>\nProte\u00ednas 20,1 g<br \/>\nSal 1,24 g<br \/>\n\u00d4mega 3 (C18:3) 0,54g<\/p>\n<p class=\"p1\"><b>Alerg\u00e9nicos: <\/b>Peixe<\/p>\n<p><span class=\"s1\"><b>Propriedades:\u00a0<\/b><\/span><br \/>\n\u2014 Elevados n\u00edveis de prote\u00edna de alto valor biol\u00f3gico<br \/>\n\u2014 Ricas em vitaminas D, B12 e B3.<br \/>\n\u2014 Alto teor de \u00e1cidos gordos \u00d3mega 3.<\/p>\n<p class=\"p1\"><b>Conserva\u00e7\u00e3o<\/b>: Armazenar em local fresco e seco.<\/p>\n","protected":false},"excerpt":{"rendered":"<p class=\"p1\">Aqui<span class=\"Apple-converted-space\">\u00a0 <\/span>encontrar\u00e1 a nobreza da Sardinha celebrada em harmonia com o azeite. Tipicamente o azeite tr\u00e1s uma indulg\u00eancia aos pratos mediterr\u00e2neos de comer e chorar por mais e este prato \u00e9 sem d\u00favida um deles. O azeite elegantemente intensifica o sabor \u00fanico da Sardinha.<\/p>\n<p class=\"p1\">Esta Sardinha selecionada ap\u00f3s preparada \u00e9 pr\u00e9-cozida, depois enlatada pelas nossas conserveiras e coberta apenas em azeite.<\/p>\n<p class=\"p1\">Ideal para aperitivos e receitas r\u00e1pidas e saud\u00e1veis para toda a fam\u00edlia, juntando estes ingredientes nutritivos.<\/p>\n<p>&nbsp;<\/p>\n<p class=\"p1\">Este produto n\u00e3o necessita de qualquer prepara\u00e7\u00e3o culin\u00e1ria para ser consumido.<\/p>\n<p>&nbsp;<\/p>\n<p>&nbsp;<\/p>\n","protected":false},"featured_media":7571,"template":"","meta":{"_seopress_robots_primary_cat":"none"},"product_cat":[85,86],"product_tag":[],"_links":{"self":[{"href":"https:\/\/biosaber.pt\/en\/wp-json\/wp\/v2\/product\/8065"}],"collection":[{"href":"https:\/\/biosaber.pt\/en\/wp-json\/wp\/v2\/product"}],"about":[{"href":"https:\/\/biosaber.pt\/en\/wp-json\/wp\/v2\/types\/product"}],"version-history":[{"count":4,"href":"https:\/\/biosaber.pt\/en\/wp-json\/wp\/v2\/product\/8065\/revisions"}],"predecessor-version":[{"id":9257,"href":"https:\/\/biosaber.pt\/en\/wp-json\/wp\/v2\/product\/8065\/revisions\/9257"}],"wp:featuredmedia":[{"embeddable":true,"href":"https:\/\/biosaber.pt\/en\/wp-json\/wp\/v2\/media\/7571"}],"wp:attachment":[{"href":"https:\/\/biosaber.pt\/en\/wp-json\/wp\/v2\/media?parent=8065"}],"wp:term":[{"taxonomy":"product_cat","embeddable":true,"href":"https:\/\/biosaber.pt\/en\/wp-json\/wp\/v2\/product_cat?post=8065"},{"taxonomy":"product_tag","embeddable":true,"href":"https:\/\/biosaber.pt\/en\/wp-json\/wp\/v2\/product_tag?post=8065"}],"curies":[{"name":"wp","href":"https:\/\/api.w.org\/{rel}","templated":true}]}}