{"id":8095,"date":"2023-05-21T17:54:44","date_gmt":"2023-05-21T17:54:44","guid":{"rendered":"https:\/\/biosaber.pt\/?post_type=product&#038;p=8095"},"modified":"2023-06-27T15:35:59","modified_gmt":"2023-06-27T15:35:59","slug":"filetes-de-atum-com-limao-e-tomilho-em-azeite","status":"publish","type":"product","link":"https:\/\/biosaber.pt\/en\/produto\/filetes-de-atum-com-limao-e-tomilho-em-azeite\/","title":{"rendered":"Filetes de atum com lim\u00e3o e tomilho em azeite"},"content":{"rendered":"<p><b>Refer\u00eancia:<br \/>\n<\/b>CA-200<\/p>\n<p><b>Ingredientes:<br \/>\n<\/b>Atum (65%); azeite (26%); lim\u00e3o (8%); tomilho e sal.<\/p>\n<p><strong>Peso L\u00edquido:<\/strong> 120g<\/p>\n<p><strong>Declara\u00e7\u00e3o nutricional m\u00e9dia (100gr):<\/strong><br \/>\nValores m\u00e9dios por 100g de produto escorrido<br \/>\nEnergia 1371 kJ \/ 327 kcal<br \/>\nL\u00edpidos 29 g<br \/>\ndos quais saturados 4,9g<br \/>\nHidratos de Carbono &lt; 0,5 g<br \/>\ndos quais a\u00e7\u00facares &lt; 0,5 g<br \/>\nProte\u00ednas 16 g<br \/>\nSal 1 g<\/p>\n<p class=\"p1\"><b>Alerg\u00e9nicos: <\/b>Peixe<\/p>\n<p><b>Propriedades:<\/b><br \/>\n\u2014 Prote\u00edna natural<br \/>\n\u2014 N\u00edveis altos de \u00e1cidos gordos \u00f3mega-3<br \/>\n\u2014 Baixo teor de gordura saturada.<\/p>\n<p class=\"p1\"><b>Conserva\u00e7\u00e3o<\/b>: Armazenar em local fresco e seco.<\/p>\n","protected":false},"excerpt":{"rendered":"<p class=\"p1\">Com notas frescas oferecidas pelo lim\u00e3o e tons quentes e apimentados do tomilho, os nossos Filetes de Atum fazem as del\u00edcias at\u00e9 do palato mais exigente. Esta maridagem acalenta os cora\u00e7\u00f5es mais sedentos de frescura e mem\u00f3ria palativa de mar.<\/p>\n<p class=\"p1\">Depois de selecionados e preparados, os Filetes de Atum s\u00e3o cozidos. Cuidadosamente s\u00e3o colocados em lata pelas nossas conserveiras, adicionando meia rodela de lim\u00e3o e umas folhinhas frescas de tomilho, todos envolvidos abundantemente em azeite.<\/p>\n<p class=\"p1\">O lim\u00e3o \u00e9 conhecido por ser um fruto de baixas calorias, que beneficia a imunidade do organismo.<\/p>\n<p class=\"p1\">Ideal para aperitivos e receitas r\u00e1pidas e saud\u00e1veis para toda a fam\u00edlia, juntando estes ingredientes nutritivos.<\/p>\n<p>&nbsp;<\/p>\n<p class=\"p1\">Este produto n\u00e3o necessita de qualquer prepara\u00e7\u00e3o culin\u00e1ria para ser consumido.<\/p>\n<p>&nbsp;<\/p>\n","protected":false},"featured_media":7415,"template":"","meta":{"_seopress_robots_primary_cat":"none"},"product_cat":[84,86],"product_tag":[],"_links":{"self":[{"href":"https:\/\/biosaber.pt\/en\/wp-json\/wp\/v2\/product\/8095"}],"collection":[{"href":"https:\/\/biosaber.pt\/en\/wp-json\/wp\/v2\/product"}],"about":[{"href":"https:\/\/biosaber.pt\/en\/wp-json\/wp\/v2\/types\/product"}],"version-history":[{"count":4,"href":"https:\/\/biosaber.pt\/en\/wp-json\/wp\/v2\/product\/8095\/revisions"}],"predecessor-version":[{"id":9425,"href":"https:\/\/biosaber.pt\/en\/wp-json\/wp\/v2\/product\/8095\/revisions\/9425"}],"wp:featuredmedia":[{"embeddable":true,"href":"https:\/\/biosaber.pt\/en\/wp-json\/wp\/v2\/media\/7415"}],"wp:attachment":[{"href":"https:\/\/biosaber.pt\/en\/wp-json\/wp\/v2\/media?parent=8095"}],"wp:term":[{"taxonomy":"product_cat","embeddable":true,"href":"https:\/\/biosaber.pt\/en\/wp-json\/wp\/v2\/product_cat?post=8095"},{"taxonomy":"product_tag","embeddable":true,"href":"https:\/\/biosaber.pt\/en\/wp-json\/wp\/v2\/product_tag?post=8095"}],"curies":[{"name":"wp","href":"https:\/\/api.w.org\/{rel}","templated":true}]}}