{"id":8098,"date":"2023-05-21T18:11:06","date_gmt":"2023-05-21T18:11:06","guid":{"rendered":"https:\/\/biosaber.pt\/?post_type=product&#038;p=8098"},"modified":"2023-06-27T15:35:08","modified_gmt":"2023-06-27T15:35:08","slug":"filetes-de-atum-com-pimento-tricolor-e-piri-piri-em-azeite","status":"publish","type":"product","link":"https:\/\/biosaber.pt\/en\/produto\/filetes-de-atum-com-pimento-tricolor-e-piri-piri-em-azeite\/","title":{"rendered":"Filetes de atum com pimento tricolor e piri-piri em azeite"},"content":{"rendered":"<p><b>Refer\u00eancia:<br \/>\n<\/b>CA-220<\/p>\n<p><b>Ingredientes:<br \/>\n<\/b>Atum (65%); azeite (26%); pimento (8%); piripiri e sal.<\/p>\n<p><strong>Peso L\u00edquido:<\/strong> 120g<\/p>\n<p><strong>Declara\u00e7\u00e3o nutricional m\u00e9dia (100gr):<\/strong><br \/>\nValores m\u00e9dios por 100g de produto escorrido<br \/>\nEnergia 1370 kJ \/ 327 kcal<br \/>\nL\u00edpidos 29 g<br \/>\ndos quais saturados 4,9g<br \/>\nHidratos de Carbono &lt; 0,5 g<br \/>\ndos quais a\u00e7\u00facares &lt; 0,5 g<br \/>\nProte\u00ednas 16 g<br \/>\nSal 1 g<\/p>\n<p class=\"p1\"><b>Alerg\u00e9nicos: <\/b>Peixe<\/p>\n<p><b>Propriedades:<\/b><br \/>\n\u2014 Prote\u00edna natural<br \/>\n\u2014 N\u00edveis altos de \u00e1cidos gordos \u00f3mega-3<br \/>\n\u2014 Baixo teor de gordura saturada.<\/p>\n<p class=\"p1\"><b>Conserva\u00e7\u00e3o<\/b>: Armazenar em local fresco e seco.<\/p>\n","protected":false},"excerpt":{"rendered":"<p class=\"p1\">Para quem procura sabores mais marcantes e ligeiramente picantes, esta receita \u00e9 para si. Os nossos Filetes de Atum fazem-se acompanhar por um travo e aroma agridoce conferido pelos pimentos e a irrever\u00eancia da malagueta. Os seus pratos ficaram mais joviais, com a gra\u00e7a dos nossos quadrig\u00eameos.<\/p>\n<p class=\"p1\">Depois de selecionados e preparados, os Filetes de Atum s\u00e3o cozidos. Cuidadosamente s\u00e3o enlatados pelas nossas conserveiras, adicionando uma tira de pimento verde, uma tira de pimento vermelho, uma tira de pimento amarelo e uma vagem fresca de piri-piri, finalizando com azeite.<\/p>\n<p class=\"p1\">O piri-piri apresenta a capsaicina (que \u00e9 conhecida por ativar a circula\u00e7\u00e3o sangu\u00ednea e tem efeitos anti-inflamat\u00f3rios) e os pimentos s\u00e3o ricos em antioxidantes e vitaminas B, C e E (por exemplo).<\/p>\n<p class=\"p1\">Ideal para aperitivos e receitas r\u00e1pidas e saud\u00e1veis para toda a fam\u00edlia, juntando estes ingredientes nutritivos.<\/p>\n<p>&nbsp;<\/p>\n<p class=\"p1\">Este produto n\u00e3o necessita de qualquer prepara\u00e7\u00e3o culin\u00e1ria para ser consumido.<\/p>\n<p>&nbsp;<\/p>\n<p>&nbsp;<\/p>\n","protected":false},"featured_media":7430,"template":"","meta":{"_seopress_robots_primary_cat":"none"},"product_cat":[84,86],"product_tag":[],"_links":{"self":[{"href":"https:\/\/biosaber.pt\/en\/wp-json\/wp\/v2\/product\/8098"}],"collection":[{"href":"https:\/\/biosaber.pt\/en\/wp-json\/wp\/v2\/product"}],"about":[{"href":"https:\/\/biosaber.pt\/en\/wp-json\/wp\/v2\/types\/product"}],"version-history":[{"count":4,"href":"https:\/\/biosaber.pt\/en\/wp-json\/wp\/v2\/product\/8098\/revisions"}],"predecessor-version":[{"id":9184,"href":"https:\/\/biosaber.pt\/en\/wp-json\/wp\/v2\/product\/8098\/revisions\/9184"}],"wp:featuredmedia":[{"embeddable":true,"href":"https:\/\/biosaber.pt\/en\/wp-json\/wp\/v2\/media\/7430"}],"wp:attachment":[{"href":"https:\/\/biosaber.pt\/en\/wp-json\/wp\/v2\/media?parent=8098"}],"wp:term":[{"taxonomy":"product_cat","embeddable":true,"href":"https:\/\/biosaber.pt\/en\/wp-json\/wp\/v2\/product_cat?post=8098"},{"taxonomy":"product_tag","embeddable":true,"href":"https:\/\/biosaber.pt\/en\/wp-json\/wp\/v2\/product_tag?post=8098"}],"curies":[{"name":"wp","href":"https:\/\/api.w.org\/{rel}","templated":true}]}}