{"id":7672,"date":"2023-05-19T16:37:55","date_gmt":"2023-05-19T16:37:55","guid":{"rendered":"https:\/\/biosaber.pt\/?post_type=product&#038;p=7672"},"modified":"2026-04-22T15:43:15","modified_gmt":"2026-04-22T15:43:15","slug":"tamara-e-noz","status":"publish","type":"product","link":"https:\/\/biosaber.pt\/fr\/produto\/tamara-e-noz\/","title":{"rendered":"T\u00e2mara e Noz"},"content":{"rendered":"<p><b>Ingredientes:<br \/>\n<\/b>Cont\u00e9m pelo menos 80 % de T\u00e2maras (Origem: Tun\u00edsia), <b>NOZES <\/b>8%.<\/p>\n<p><strong>Peso:<\/strong> 200g<br \/>\n<b>Validade: <\/b>6 meses.<\/p>\n<p><img decoding=\"async\" class=\"alignnone wp-image-7705\" src=\"https:\/\/biosaber.pt\/wp-content\/uploads\/2023\/05\/feito-a-mao.svg\" alt=\"t\u00e2mara e noz\" width=\"97\" height=\"36\" \/>\u00a0<img decoding=\"async\" class=\"alignnone wp-image-7726\" src=\"https:\/\/biosaber.pt\/wp-content\/uploads\/2023\/05\/vegan.svg\" alt=\"t\u00e2mara e noz\" width=\"78\" height=\"44\" \/><\/p>\n<p><strong>Declara\u00e7\u00e3o nutricional m\u00e9dia (100gr):<\/strong><br \/>\nValor energ\u00e9tico (kJ\/Kcal) 1474\/350<br \/>\nL\u00edpidos 7.5g<br \/>\nDos quais saturados 0.7g<br \/>\nHidratos de Carbono 61.9g<br \/>\nDos quais a\u00e7\u00facares 59.3g<br \/>\nFibra 9.8g<br \/>\nProte\u00edna 3.8g<br \/>\nSal 0.02g<\/p>\n<p><strong>Conserva\u00e7\u00e3o:<\/strong><br \/>\nManter num local fresco e arejado.<br \/>\nEste produto encontra-se selado em v\u00e1cuo.<\/p>\n<p class=\"p1\"><b>Alerg\u00e9nicos: <\/b><b>Nozes <\/b>(Am\u00eandoas, Avel\u00e3s, Nozes, Caju, Nozes Pecan, Castanha do Brasil, Pistache, Macad\u00e2mia, noz de Queensland e produtos derivados) e <b>sulfitos<\/b>.<\/p>\n","protected":false},"excerpt":{"rendered":"<p>Experimente esta del\u00edcia que nasceu da uni\u00e3o entre o doce das t\u00e2maras com a croc\u00e2ncia e o sabor inconfund\u00edvel das nozes. Cas\u00e1mos essas duas texturas e sabores para lhe oferecer uma op\u00e7\u00e3o de sobremesa ou lanche nutritivo e surpreendentemente saboroso.<\/p>\n<p>&nbsp;<\/p>\n<p>Com apenas 2 ingredientes de grande qualidade nutricional, 90% de t\u00e2maras e 10% de nozes, pode desfrutar desta del\u00edcia sem a\u00e7\u00facar adicionado, uma vez que as t\u00e2maras j\u00e1 s\u00e3o naturalmente doces.<br \/>\nPerfeitas para complementar uma t\u00e1bua de queijos, para acompanhar com o seu caf\u00e9 ou simplesmente como sobremesa.<br \/>\nN\u00e3o perca a oportunidade de experimentar essa mistura de sabores incr\u00edvel!<\/p>\n<p>&nbsp;<\/p>\n<p>Intensidade do sabor: <img decoding=\"async\" class=\"alignnone wp-image-7714\" src=\"https:\/\/biosaber.pt\/wp-content\/uploads\/2023\/05\/intensidade-3.svg\" alt=\"t\u00e2mara e noz\" width=\"68\" height=\"16\" \/><br \/>\nTextura: <img decoding=\"async\" class=\"alignnone wp-image-7711\" src=\"https:\/\/biosaber.pt\/wp-content\/uploads\/2023\/05\/intensidade-2.svg\" alt=\"t\u00e2mara e noz\" width=\"70\" \/><br \/>\nDo\u00e7ura: <img decoding=\"async\" class=\"alignnone wp-image-7723\" src=\"https:\/\/biosaber.pt\/wp-content\/uploads\/2023\/05\/intensidade-6.svg\" alt=\"t\u00e2mara e noz\" width=\"70\" \/><\/p>\n","protected":false},"featured_media":7678,"template":"","meta":{"_seopress_robots_primary_cat":"none"},"product_cat":[35],"product_tag":[],"_links":{"self":[{"href":"https:\/\/biosaber.pt\/fr\/wp-json\/wp\/v2\/product\/7672"}],"collection":[{"href":"https:\/\/biosaber.pt\/fr\/wp-json\/wp\/v2\/product"}],"about":[{"href":"https:\/\/biosaber.pt\/fr\/wp-json\/wp\/v2\/types\/product"}],"version-history":[{"count":10,"href":"https:\/\/biosaber.pt\/fr\/wp-json\/wp\/v2\/product\/7672\/revisions"}],"predecessor-version":[{"id":26088,"href":"https:\/\/biosaber.pt\/fr\/wp-json\/wp\/v2\/product\/7672\/revisions\/26088"}],"wp:featuredmedia":[{"embeddable":true,"href":"https:\/\/biosaber.pt\/fr\/wp-json\/wp\/v2\/media\/7678"}],"wp:attachment":[{"href":"https:\/\/biosaber.pt\/fr\/wp-json\/wp\/v2\/media?parent=7672"}],"wp:term":[{"taxonomy":"product_cat","embeddable":true,"href":"https:\/\/biosaber.pt\/fr\/wp-json\/wp\/v2\/product_cat?post=7672"},{"taxonomy":"product_tag","embeddable":true,"href":"https:\/\/biosaber.pt\/fr\/wp-json\/wp\/v2\/product_tag?post=7672"}],"curies":[{"name":"wp","href":"https:\/\/api.w.org\/{rel}","templated":true}]}}