{"id":7779,"date":"2023-05-20T09:09:18","date_gmt":"2023-05-20T09:09:18","guid":{"rendered":"https:\/\/biosaber.pt\/?post_type=product&#038;p=7779"},"modified":"2026-04-22T15:58:33","modified_gmt":"2026-04-22T15:58:33","slug":"selecao-mediterranica","status":"publish","type":"product","link":"https:\/\/biosaber.pt\/fr\/produto\/selecao-mediterranica\/","title":{"rendered":"Sele\u00e7\u00e3o Mediterr\u00e2nica"},"content":{"rendered":"\t\t<div data-elementor-type=\"wp-post\" data-elementor-id=\"7779\" class=\"elementor elementor-7779\">\n\t\t\t\t\t\t<section class=\"elementor-section elementor-top-section elementor-element elementor-element-6816e863 elementor-section-boxed elementor-section-height-default elementor-section-height-default\" data-id=\"6816e863\" data-element_type=\"section\">\n\t\t\t\t\t\t<div class=\"elementor-container elementor-column-gap-default\">\n\t\t\t\t\t<div class=\"elementor-column elementor-col-100 elementor-top-column elementor-element elementor-element-46ed8fbf\" data-id=\"46ed8fbf\" data-element_type=\"column\">\n\t\t\t<div class=\"elementor-widget-wrap elementor-element-populated\">\n\t\t\t\t\t\t<div class=\"elementor-element elementor-element-622a45db elementor-widget elementor-widget-text-editor\" data-id=\"622a45db\" data-element_type=\"widget\" data-widget_type=\"text-editor.default\">\n\t\t\t\t<div class=\"elementor-widget-container\">\n\t\t\t<style>\/*! elementor - v3.21.0 - 26-05-2024 *\/\n.elementor-widget-text-editor.elementor-drop-cap-view-stacked .elementor-drop-cap{background-color:#69727d;color:#fff}.elementor-widget-text-editor.elementor-drop-cap-view-framed .elementor-drop-cap{color:#69727d;border:3px solid;background-color:transparent}.elementor-widget-text-editor:not(.elementor-drop-cap-view-default) .elementor-drop-cap{margin-top:8px}.elementor-widget-text-editor:not(.elementor-drop-cap-view-default) .elementor-drop-cap-letter{width:1em;height:1em}.elementor-widget-text-editor .elementor-drop-cap{float:left;text-align:center;line-height:1;font-size:50px}.elementor-widget-text-editor .elementor-drop-cap-letter{display:inline-block}<\/style>\t\t\t\t<p><b>Ingredientes:<br \/><\/b>Cont\u00e9m, pelo menos, 50 % de figo seco (Origem: Espanha), <b>AM\u00caNDOA <\/b>(10%), T\u00e2mara <br \/>(10%), 3% de\u00a0Ameixa seca, <b>NOZ<\/b>, Canela e Anis.<\/p><p><strong>Peso:<\/strong> 200g<br \/><b>Validade: <\/b>6 meses.<\/p><p><img decoding=\"async\" class=\"alignnone wp-image-7705\" src=\"https:\/\/biosaber.pt\/wp-content\/uploads\/2023\/05\/feito-a-mao.svg\" alt=\"t\u00e2mara e noz\" width=\"97\" height=\"36\" \/> \u00a0<img decoding=\"async\" class=\"alignnone wp-image-7726\" src=\"https:\/\/biosaber.pt\/wp-content\/uploads\/2023\/05\/vegan.svg\" alt=\"t\u00e2mara e noz\" width=\"80\" \/><\/p><p><strong>Declara\u00e7\u00e3o nutricional m\u00e9dia (100gr):<\/strong><br \/>Valor energ\u00e9tico (kJ\/Kcal) 1503\/357<br \/>L\u00edpidos 9.2g<br \/>Dos quais saturados 1.0g<br \/>Hidratos de Carbono 65.8g<br \/>Dos quais a\u00e7\u00facares 49.2g<br \/>Fibra 5.1g<br \/>Prote\u00edna 5.3g<br \/>Sal 0.01g<\/p><p><strong>Conserva\u00e7\u00e3o: <\/strong><br \/>Manter num local fresco e arejado.<br \/>Este produto encontra-se selado em v\u00e1cuo.<\/p><p class=\"p1\"><b>Alerg\u00e9nicos: <\/b><b>Nozes<\/b> (Am\u00eandoas, Avel\u00e3s, Nozes, Caju, Nozes Pecan, Castanha do Brasil, Pistache, Macad\u00e2mia, noz de Queensland e produtos derivados) e <b>sulfitos<\/b>.<\/p>\t\t\t\t\t\t<\/div>\n\t\t\t\t<\/div>\n\t\t\t\t\t<\/div>\n\t\t<\/div>\n\t\t\t\t\t<\/div>\n\t\t<\/section>\n\t\t\t\t<\/div>\n\t\t","protected":false},"excerpt":{"rendered":"<p>Uma fus\u00e3o de dois mundos. A do\u00e7ura da t\u00e2mara e a delicadeza das nozes, combinadas com a intensidade dos figos e a croc\u00e2ncia das am\u00eandoas. Uma orquestra de sabores onde cada elemento contribui para um resultado \u00fanico, como uma melodia na sua boca.<\/p>\n<p>&nbsp;<\/p>\n<p>Experimente este petisco que nasceu desta uni\u00e3o, onde cas\u00e1mos texturas, aromas e sabores naturais e muito nutritivos, sem adi\u00e7\u00e3o de a\u00e7\u00facar.<\/p>\n<p>&nbsp;<\/p>\n<p>Intensidade do sabor: <img decoding=\"async\" class=\"alignnone wp-image-7723\" src=\"https:\/\/biosaber.pt\/wp-content\/uploads\/2023\/05\/intensidade-6.svg\" alt=\"t\u00e2mara e noz\" width=\"70\" \/><br \/>\nTextura: <img decoding=\"async\" class=\"alignnone wp-image-7717\" src=\"https:\/\/biosaber.pt\/wp-content\/uploads\/2023\/05\/intensidade-4.svg\" alt=\"t\u00e2mara e noz\" width=\"70\" \/><br \/>\nDo\u00e7ura: <img decoding=\"async\" class=\"alignnone wp-image-7714\" src=\"https:\/\/biosaber.pt\/wp-content\/uploads\/2023\/05\/intensidade-3.svg\" alt=\"t\u00e2mara e noz\" width=\"70\" \/><\/p>\n","protected":false},"featured_media":7350,"template":"","meta":{"_seopress_robots_primary_cat":"none"},"product_cat":[35],"product_tag":[],"_links":{"self":[{"href":"https:\/\/biosaber.pt\/fr\/wp-json\/wp\/v2\/product\/7779"}],"collection":[{"href":"https:\/\/biosaber.pt\/fr\/wp-json\/wp\/v2\/product"}],"about":[{"href":"https:\/\/biosaber.pt\/fr\/wp-json\/wp\/v2\/types\/product"}],"version-history":[{"count":16,"href":"https:\/\/biosaber.pt\/fr\/wp-json\/wp\/v2\/product\/7779\/revisions"}],"predecessor-version":[{"id":26093,"href":"https:\/\/biosaber.pt\/fr\/wp-json\/wp\/v2\/product\/7779\/revisions\/26093"}],"wp:featuredmedia":[{"embeddable":true,"href":"https:\/\/biosaber.pt\/fr\/wp-json\/wp\/v2\/media\/7350"}],"wp:attachment":[{"href":"https:\/\/biosaber.pt\/fr\/wp-json\/wp\/v2\/media?parent=7779"}],"wp:term":[{"taxonomy":"product_cat","embeddable":true,"href":"https:\/\/biosaber.pt\/fr\/wp-json\/wp\/v2\/product_cat?post=7779"},{"taxonomy":"product_tag","embeddable":true,"href":"https:\/\/biosaber.pt\/fr\/wp-json\/wp\/v2\/product_tag?post=7779"}],"curies":[{"name":"wp","href":"https:\/\/api.w.org\/{rel}","templated":true}]}}