{"id":7796,"date":"2023-05-20T10:13:45","date_gmt":"2023-05-20T10:13:45","guid":{"rendered":"https:\/\/biosaber.pt\/?post_type=product&#038;p=7796"},"modified":"2026-04-21T17:24:24","modified_gmt":"2026-04-21T17:24:24","slug":"tomate-seco-e-piri-piri","status":"publish","type":"product","link":"https:\/\/biosaber.pt\/fr\/produto\/tomate-seco-e-piri-piri\/","title":{"rendered":"Tomate Seco e Piri-Piri"},"content":{"rendered":"<p><b>Ingredientes:<br \/>\n<\/b>Leite de vaca e cabra (origem Portugal), coalho, fermento, tomate seco, piri-piri e sal.<\/p>\n<p><strong>Peso:<\/strong> 200 g em <strong>v\u00e1cuo<\/strong>.<br \/>\n<b>Validade: <\/b>6 meses.<\/p>\n<p><strong>Declara\u00e7\u00e3o nutricional m\u00e9dia (100gr):<\/strong><br \/>\nEnergia: 1288 kj \/ 310 kcal<br \/>\nL\u00edpidos: 23,9 g<br \/>\nDos quais saturados: 16,7 g<br \/>\nProte\u00ednas: 21,1 g<br \/>\nHidratos de carbono: 2,46 g<br \/>\nDos quais a\u00e7\u00facares: 1,51 g<br \/>\nSal: 1,55 g<\/p>\n<p class=\"p1\"><b>Alerg\u00e9nicos: <\/b>Leite de cabra e vaca; lisozima (proveniente do ovo)<\/p>\n","protected":false},"excerpt":{"rendered":"<p>Este queijo impressiona pelo seu car\u00e1ter surpreendente.<br \/>\nO tomate confere textura e alguma do\u00e7ura criando um equil\u00edbrio delicado com o piri-piri.<br \/>\nO picante surpreende de forma suave nas primeiras notas de prova, mas marca a sua presen\u00e7a num final digno dos verdadeiros apreciadores.<\/p>\n<p>&nbsp;<\/p>\n<p>Este Queijo de Tomate Seco e Piri-Piri \u00e9 um excelente acompanhamento para:<\/p>\n<ul>\n<li>Vinho tinto harmonioso.<\/li>\n<li>Massas e risotos ganharam palpita\u00e7\u00f5es, com umas lascas generosas ou ralado.<\/li>\n<li>Frutos vermelhos, silvestres e tostas complementam este paladar rico.<\/li>\n<\/ul>\n<p>&nbsp;<\/p>\n<p><img decoding=\"async\" class=\"alignnone size-full wp-image-7801\" src=\"https:\/\/biosaber.pt\/wp-content\/uploads\/2023\/05\/queijo-sabores-icon.svg\" alt=\"tomate seco e piri piri\" width=\"138\" height=\"42\" \/><\/p>\n<p>&nbsp;<\/p>\n<p>Intensidade do sabor: <img decoding=\"async\" class=\"alignnone wp-image-7717\" src=\"https:\/\/biosaber.pt\/wp-content\/uploads\/2023\/05\/intensidade-4.svg\" alt=\"t\u00e2mara e noz\" width=\"70\" \/><br \/>\nTextura: <img decoding=\"async\" class=\"alignnone wp-image-7717\" src=\"https:\/\/biosaber.pt\/wp-content\/uploads\/2023\/05\/intensidade-4.svg\" alt=\"t\u00e2mara e noz\" width=\"70\" \/><\/p>\n","protected":false},"featured_media":26069,"template":"","meta":{"_seopress_robots_primary_cat":"none"},"product_cat":[36],"product_tag":[],"_links":{"self":[{"href":"https:\/\/biosaber.pt\/fr\/wp-json\/wp\/v2\/product\/7796"}],"collection":[{"href":"https:\/\/biosaber.pt\/fr\/wp-json\/wp\/v2\/product"}],"about":[{"href":"https:\/\/biosaber.pt\/fr\/wp-json\/wp\/v2\/types\/product"}],"version-history":[{"count":8,"href":"https:\/\/biosaber.pt\/fr\/wp-json\/wp\/v2\/product\/7796\/revisions"}],"predecessor-version":[{"id":25976,"href":"https:\/\/biosaber.pt\/fr\/wp-json\/wp\/v2\/product\/7796\/revisions\/25976"}],"wp:featuredmedia":[{"embeddable":true,"href":"https:\/\/biosaber.pt\/fr\/wp-json\/wp\/v2\/media\/26069"}],"wp:attachment":[{"href":"https:\/\/biosaber.pt\/fr\/wp-json\/wp\/v2\/media?parent=7796"}],"wp:term":[{"taxonomy":"product_cat","embeddable":true,"href":"https:\/\/biosaber.pt\/fr\/wp-json\/wp\/v2\/product_cat?post=7796"},{"taxonomy":"product_tag","embeddable":true,"href":"https:\/\/biosaber.pt\/fr\/wp-json\/wp\/v2\/product_tag?post=7796"}],"curies":[{"name":"wp","href":"https:\/\/api.w.org\/{rel}","templated":true}]}}