{"id":7812,"date":"2023-05-20T10:44:41","date_gmt":"2023-05-20T10:44:41","guid":{"rendered":"https:\/\/biosaber.pt\/?post_type=product&#038;p=7812"},"modified":"2023-10-27T10:18:58","modified_gmt":"2023-10-27T10:18:58","slug":"azeitona-e-tomilho","status":"publish","type":"product","link":"https:\/\/biosaber.pt\/fr\/produto\/azeitona-e-tomilho\/","title":{"rendered":"Azeitona e Tomilho"},"content":{"rendered":"<p><b>Ingredientes:<br \/>\n<\/b>Leite de vaca e cabra (origem Portugal), coalho, fermento, azeitona desidratada, tomilho e sal.<\/p>\n<p><strong>Peso:<\/strong> 200 g em <strong>v\u00e1cuo<\/strong>.<br \/>\n<b>Validade: <\/b>6 meses.<\/p>\n<p><strong>Declara\u00e7\u00e3o nutricional m\u00e9dia (100gr):<\/strong><br \/>\nEnergia: 1324 kj\/319 kcal<br \/>\nL\u00edpidos: 25,9 g<br \/>\nDos quais saturados: 16,9 g<br \/>\nProte\u00ednas: 18,8 g<br \/>\nHidratos de carbono: 2,1 g<br \/>\nDos quais a\u00e7\u00facares: 1,1 g<br \/>\nSal: 1,3 g<\/p>\n<p class=\"p1\"><b>Alerg\u00e9nicos: <\/b>Leite de cabra e vaca; lisozima (proveniente do ovo)<\/p>\n","protected":false},"excerpt":{"rendered":"<p>Se n\u00e3o gosta de azeitona ent\u00e3o este queijo n\u00e3o \u00e9 para si. N\u00e3o engana, este fruto est\u00e1 presente do princ\u00edpio ao fim, conferindo disparos de sabor constantes e intensos. Com o tomilho a acrescentar um toque de eleg\u00e2ncia.<br \/>\nNingu\u00e9m fica indiferente a esta combina\u00e7\u00e3o!<\/p>\n<p>&nbsp;<\/p>\n<p>Este Queijo de Azeitona e Tomilho \u00e9 um excelente acompanhamento para:<\/p>\n<p>\u2014 Vinho branco maduro.<br \/>\n\u2014 Pizzas e carnes no forno ganharam melodia, com umas lascas generosas bem distribu\u00eddas.<br \/>\n\u2014 As tostas tamb\u00e9m complementam este paladar inusitado.<\/p>\n<p>&nbsp;<\/p>\n<p><img decoding=\"async\" class=\"alignnone size-full wp-image-7801\" src=\"https:\/\/biosaber.pt\/wp-content\/uploads\/2023\/05\/queijo-sabores-icon.svg\" alt=\"tomate seco e piri piri\" width=\"138\" height=\"42\" \/><\/p>\n<p>&nbsp;<\/p>\n<p>Intensidade do sabor: <img decoding=\"async\" class=\"alignnone wp-image-7723\" src=\"https:\/\/biosaber.pt\/wp-content\/uploads\/2023\/05\/intensidade-6.svg\" alt=\"t\u00e2mara e noz\" width=\"70\" \/><br \/>\nTextura: <img decoding=\"async\" class=\"alignnone wp-image-7720\" src=\"https:\/\/biosaber.pt\/wp-content\/uploads\/2023\/05\/intensidade-5.svg\" alt=\"t\u00e2mara e noz\" width=\"70\" \/><\/p>\n","protected":false},"featured_media":7305,"template":"","meta":{"_seopress_robots_primary_cat":"none"},"product_cat":[36],"product_tag":[],"_links":{"self":[{"href":"https:\/\/biosaber.pt\/fr\/wp-json\/wp\/v2\/product\/7812"}],"collection":[{"href":"https:\/\/biosaber.pt\/fr\/wp-json\/wp\/v2\/product"}],"about":[{"href":"https:\/\/biosaber.pt\/fr\/wp-json\/wp\/v2\/types\/product"}],"version-history":[{"count":4,"href":"https:\/\/biosaber.pt\/fr\/wp-json\/wp\/v2\/product\/7812\/revisions"}],"predecessor-version":[{"id":12448,"href":"https:\/\/biosaber.pt\/fr\/wp-json\/wp\/v2\/product\/7812\/revisions\/12448"}],"wp:featuredmedia":[{"embeddable":true,"href":"https:\/\/biosaber.pt\/fr\/wp-json\/wp\/v2\/media\/7305"}],"wp:attachment":[{"href":"https:\/\/biosaber.pt\/fr\/wp-json\/wp\/v2\/media?parent=7812"}],"wp:term":[{"taxonomy":"product_cat","embeddable":true,"href":"https:\/\/biosaber.pt\/fr\/wp-json\/wp\/v2\/product_cat?post=7812"},{"taxonomy":"product_tag","embeddable":true,"href":"https:\/\/biosaber.pt\/fr\/wp-json\/wp\/v2\/product_tag?post=7812"}],"curies":[{"name":"wp","href":"https:\/\/api.w.org\/{rel}","templated":true}]}}