{"id":7816,"date":"2023-05-20T11:01:18","date_gmt":"2023-05-20T11:01:18","guid":{"rendered":"https:\/\/biosaber.pt\/?post_type=product&#038;p=7816"},"modified":"2026-04-17T16:59:33","modified_gmt":"2026-04-17T16:59:33","slug":"noz-e-canela","status":"publish","type":"product","link":"https:\/\/biosaber.pt\/fr\/produto\/noz-e-canela\/","title":{"rendered":"Noz e Canela"},"content":{"rendered":"<p><b>Ingredientes:<br \/>\n<\/b>Leite de vaca e cabra (origem Portugal), coalho, fermento, nozes, canela e sal.<\/p>\n<p><strong>Peso:<\/strong> 200 g em <strong>v\u00e1cuo<\/strong>.<br \/>\n<b>Validade: <\/b>6 meses.<\/p>\n<p><strong>Declara\u00e7\u00e3o nutricional m\u00e9dia (100gr):<\/strong><br \/>\nEnergia: 1384 kj\/333 kcal<br \/>\nL\u00edpidos: 26,7 g<br \/>\nDos quais saturados: 16,9 g<br \/>\nProte\u00ednas: 18,7 g<br \/>\nHidratos de carbono: 4,3 g<br \/>\nDos quais a\u00e7\u00facares: 3,<\/p>\n<p class=\"p1\"><b>Alerg\u00e9nicos: <\/b>Leite de cabra e vaca; lisozima (proveniente do ovo)<\/p>\n","protected":false},"excerpt":{"rendered":"<p>&nbsp;<\/p>\n<p>Com um paladar muito suave e notas de do\u00e7ura, este queijo tem na sua textura a sua apresenta\u00e7\u00e3o mais marcante. A canela confere um aroma e sabor ligeiramente adocicado, que contrasta com a croc\u00e2ncia das nozes.<\/p>\n<p>Combina muito bem com elementos doces e \u00e9 uma excelente op\u00e7\u00e3o para um final de mesa.<\/p>\n<p>&nbsp;<\/p>\n<p>Este Queijo de Nozes e Canela \u00e9 um excelente acompanhamento para:<br \/>\n\u2014 Vinho espumante fresco, moscatel, porto ou madeira.<br \/>\n\u2014 Sobremesas e pastelarias ganharam uma nova pulsa\u00e7\u00e3o vibrante.<br \/>\n\u2014 Figos indulgentes e tostas complementam este paladar sumptuoso.<\/p>\n<p>&nbsp;<\/p>\n<p><img decoding=\"async\" class=\"alignnone size-full wp-image-7801\" src=\"https:\/\/biosaber.pt\/wp-content\/uploads\/2023\/05\/queijo-sabores-icon.svg\" alt=\"tomate seco e piri piri\" width=\"138\" height=\"42\" \/><\/p>\n<p>&nbsp;<\/p>\n<p>Intensidade do sabor: <img decoding=\"async\" class=\"alignnone wp-image-7711\" src=\"https:\/\/biosaber.pt\/wp-content\/uploads\/2023\/05\/intensidade-2.svg\" alt=\"t\u00e2mara e noz\" width=\"70\" \/><br \/>\nTextura: <img decoding=\"async\" class=\"alignnone wp-image-7723\" src=\"https:\/\/biosaber.pt\/wp-content\/uploads\/2023\/05\/intensidade-6.svg\" alt=\"t\u00e2mara e noz\" width=\"70\" \/><\/p>\n","protected":false},"featured_media":25996,"template":"","meta":{"_seopress_robots_primary_cat":"none"},"product_cat":[36],"product_tag":[],"_links":{"self":[{"href":"https:\/\/biosaber.pt\/fr\/wp-json\/wp\/v2\/product\/7816"}],"collection":[{"href":"https:\/\/biosaber.pt\/fr\/wp-json\/wp\/v2\/product"}],"about":[{"href":"https:\/\/biosaber.pt\/fr\/wp-json\/wp\/v2\/types\/product"}],"version-history":[{"count":7,"href":"https:\/\/biosaber.pt\/fr\/wp-json\/wp\/v2\/product\/7816\/revisions"}],"predecessor-version":[{"id":12452,"href":"https:\/\/biosaber.pt\/fr\/wp-json\/wp\/v2\/product\/7816\/revisions\/12452"}],"wp:featuredmedia":[{"embeddable":true,"href":"https:\/\/biosaber.pt\/fr\/wp-json\/wp\/v2\/media\/25996"}],"wp:attachment":[{"href":"https:\/\/biosaber.pt\/fr\/wp-json\/wp\/v2\/media?parent=7816"}],"wp:term":[{"taxonomy":"product_cat","embeddable":true,"href":"https:\/\/biosaber.pt\/fr\/wp-json\/wp\/v2\/product_cat?post=7816"},{"taxonomy":"product_tag","embeddable":true,"href":"https:\/\/biosaber.pt\/fr\/wp-json\/wp\/v2\/product_tag?post=7816"}],"curies":[{"name":"wp","href":"https:\/\/api.w.org\/{rel}","templated":true}]}}