{"id":7930,"date":"2023-05-21T12:57:10","date_gmt":"2023-05-21T12:57:10","guid":{"rendered":"https:\/\/biosaber.pt\/?post_type=product&#038;p=7930"},"modified":"2026-04-21T14:03:30","modified_gmt":"2026-04-21T14:03:30","slug":"queijo-de-ovelha-serra-curado-papel","status":"publish","type":"product","link":"https:\/\/biosaber.pt\/fr\/produto\/queijo-de-ovelha-serra-curado-papel\/","title":{"rendered":"Queijo de Ovelha &#8211; Serra Curado (papel)"},"content":{"rendered":"<p><strong><b>Refer\u00eancia<\/b>:<\/strong><br \/>\n<strong>QC-120\u00a0<\/strong><\/p>\n<p><b>Ingredientes:<br \/>\n<\/b>Leite cru de ovelha, sal e a flor de cardo.<\/p>\n<p><strong>Peso:<\/strong> aprox.0,9 kg<br \/>\n<b>Validade:<\/b>\u00a012 meses.<\/p>\n<p><strong>Conserva\u00e7\u00e3o:\u00a0<\/strong>local fresco e arejado<br \/>\n<b>Cura:<\/b> 180 dias (m\u00ednimo)<\/p>\n<p><strong>Declara\u00e7\u00e3o nutricional m\u00e9dia (100gr):<\/strong><br \/>\nInforma\u00e7\u00e3o nutricional por 100 g:<br \/>\nValor energ\u00e9tico 1476 kj \/ 356 kcal;<br \/>\nL\u00edpidos 30,1 g;<br \/>\nHidratos de carbono 1,4 g;<br \/>\nProte\u00ednas 19,9 g;<br \/>\nSal 1,93 g.<\/p>\n<p class=\"p1\"><b>Alerg\u00e9nicos: <\/b>Leite de ovelha<\/p>\n","protected":false},"excerpt":{"rendered":"<p class=\"p1\">A simplicidade \u00e0 sua mesa.<\/p>\n<p class=\"p1\">O queijo <b>Vale da Prata: Curado em papel<\/b> est\u00e1 prontinho para a sua mesa e para ser degustado por si, pela sua fam\u00edlia e amigos. Que del\u00edcia ser transportado para os prados verdejantes da Serra da Estrela, onde as nossas ovelhas pastam calmamente ao som dos p\u00e1ssaros e riachos. H\u00e1 quem diga que esta plenitude se sente no sabor inconfund\u00edvel do <b>queijo de ovelha &#8211; Serra Curado Vale da Prata<\/b>. E n\u00f3s n\u00e3o pod\u00edamos deixar de concordar.<\/p>\n<p>Produzido manualmente este <b>Queijo de ovelha &#8211; Serra Curado <\/b>apresenta uma pasta semidura a extra dura, ligeiramente quebradi\u00e7a, untuosa, de cor alaranjada com poucos ou nenhuns olhos. O seu aroma \u00e9 agrad\u00e1vel e persistente e\u00a0 o seu paladar forte e levemente picante e salgado que se intensifica com o tempo.<\/p>\n<p>Acondicionado cuidadosamente em papel permite o queijo respirar de forma natural e com vagar.<\/p>\n<p class=\"p1\">Leite 100% nacional das encostas da Serra da Estrela.<\/p>\n<p>&nbsp;<\/p>\n<p>Intensidade: <img decoding=\"async\" class=\"alignnone wp-image-7723\" src=\"https:\/\/biosaber.pt\/wp-content\/uploads\/2023\/05\/intensidade-6.svg\" alt=\"t\u00e2mara e noz\" width=\"70\" \/><br \/>\nAcidez:\u00a0 \u00a0 \u00a0 \u00a0 \u00a0 \u00a0<img decoding=\"async\" class=\"alignnone wp-image-7714\" src=\"https:\/\/biosaber.pt\/wp-content\/uploads\/2023\/05\/intensidade-3.svg\" alt=\"t\u00e2mara e noz\" width=\"70\" \/><br \/>\nTextura:\u00a0 \u00a0 \u00a0 \u00a0 \u00a0<img decoding=\"async\" class=\"alignnone wp-image-7720\" src=\"https:\/\/biosaber.pt\/wp-content\/uploads\/2023\/05\/intensidade-5.svg\" alt=\"t\u00e2mara e noz\" width=\"70\" \/><\/p>\n","protected":false},"featured_media":26042,"template":"","meta":{"_seopress_robots_primary_cat":"none"},"product_cat":[42],"product_tag":[],"_links":{"self":[{"href":"https:\/\/biosaber.pt\/fr\/wp-json\/wp\/v2\/product\/7930"}],"collection":[{"href":"https:\/\/biosaber.pt\/fr\/wp-json\/wp\/v2\/product"}],"about":[{"href":"https:\/\/biosaber.pt\/fr\/wp-json\/wp\/v2\/types\/product"}],"version-history":[{"count":6,"href":"https:\/\/biosaber.pt\/fr\/wp-json\/wp\/v2\/product\/7930\/revisions"}],"predecessor-version":[{"id":10322,"href":"https:\/\/biosaber.pt\/fr\/wp-json\/wp\/v2\/product\/7930\/revisions\/10322"}],"wp:featuredmedia":[{"embeddable":true,"href":"https:\/\/biosaber.pt\/fr\/wp-json\/wp\/v2\/media\/26042"}],"wp:attachment":[{"href":"https:\/\/biosaber.pt\/fr\/wp-json\/wp\/v2\/media?parent=7930"}],"wp:term":[{"taxonomy":"product_cat","embeddable":true,"href":"https:\/\/biosaber.pt\/fr\/wp-json\/wp\/v2\/product_cat?post=7930"},{"taxonomy":"product_tag","embeddable":true,"href":"https:\/\/biosaber.pt\/fr\/wp-json\/wp\/v2\/product_tag?post=7930"}],"curies":[{"name":"wp","href":"https:\/\/api.w.org\/{rel}","templated":true}]}}