{"id":8023,"date":"2023-05-21T15:20:54","date_gmt":"2023-05-21T15:20:54","guid":{"rendered":"https:\/\/biosaber.pt\/?post_type=product&#038;p=8023"},"modified":"2023-06-27T15:25:57","modified_gmt":"2023-06-27T15:25:57","slug":"bacalhau-em-azeite-e-alho","status":"publish","type":"product","link":"https:\/\/biosaber.pt\/fr\/produto\/bacalhau-em-azeite-e-alho\/","title":{"rendered":"Bacalhau em azeite e alho"},"content":{"rendered":"<p><b>Refer\u00eancia:<br \/>\n<\/b>CB-100<\/p>\n<p><b>Ingredientes:<br \/>\n<\/b>Bacalhau (65%); azeite (33%); alho (1%) e sal.<\/p>\n<p class=\"p1\"><b>Esp\u00e9cie<\/b>: Bacalhau (Gadus morhua)<\/p>\n<p><strong>Peso L\u00edquido:<\/strong> 120g<\/p>\n<p><strong>Declara\u00e7\u00e3o nutricional m\u00e9dia (100gr):<\/strong><br \/>\nValores m\u00e9dios por 100g de produto escorrido<br \/>\nEnergia 661 kJ \/ 158 kcal<br \/>\nL\u00edpidos 6.7 g<br \/>\ndos quais saturados 1g<br \/>\nHidratos de Carbono 0 g<br \/>\ndos quais a\u00e7\u00facares 0 g<br \/>\nProte\u00ednas 24 g<br \/>\nSal 1.8 g<\/p>\n<p class=\"p1\"><b>Alerg\u00e9nicos: <\/b>Peixe<\/p>\n<p><span class=\"s1\"><b>Propriedades:<\/b><\/span><br \/>\n\u2014 Prote\u00edna com baixo teor de gordura saturada<br \/>\n\u2014 Rico em \u00e1cidos gordos \u00f3mega 3<br \/>\n\u2014 Fonte de\u00a0 pot\u00e1ssio e\u00a0 f\u00f3sforo<\/p>\n<p class=\"p1\"><b>Conserva\u00e7\u00e3o<\/b>: Armazenar em local fresco e seco.<\/p>\n","protected":false},"excerpt":{"rendered":"<p class=\"p1\">Este Bacalhau em Azeite e Alho, procura enaltecer este ingrediente nobre da nossa cozinha tradicional portuguesa. O alho revela-se no seu palato atrav\u00e9s de uma ligeira sensa\u00e7\u00e3o de picante e uma boa persist\u00eancia arom\u00e1tica. Possui uma textura macia e sabor ligeiramente adocicado, conferindo ao Bacalhau um sabor \u00fanico e inconfund\u00edvel.<\/p>\n<p class=\"p1\">Primeiro este Bacalhau selecionado \u00e9 demolhado e depois cozido<span class=\"s1\">.\u00a0<\/span>\u00c9 enlatado pelas nossas conserveiras assim que estiver pronto e coberto em azeite e lascas de alho.<\/p>\n<p class=\"p1\">Ideal para aperitivos e receitas r\u00e1pidas e saud\u00e1veis para toda a fam\u00edlia, juntando estes ingredientes nutritivos.<\/p>\n<p>&nbsp;<\/p>\n<p class=\"p1\">Este produto n\u00e3o necessita de qualquer prepara\u00e7\u00e3o culin\u00e1ria para ser consumido.<\/p>\n<p>&nbsp;<\/p>\n<p>&nbsp;<\/p>\n","protected":false},"featured_media":7484,"template":"","meta":{"_seopress_robots_primary_cat":"none"},"product_cat":[32,86],"product_tag":[],"_links":{"self":[{"href":"https:\/\/biosaber.pt\/fr\/wp-json\/wp\/v2\/product\/8023"}],"collection":[{"href":"https:\/\/biosaber.pt\/fr\/wp-json\/wp\/v2\/product"}],"about":[{"href":"https:\/\/biosaber.pt\/fr\/wp-json\/wp\/v2\/types\/product"}],"version-history":[{"count":7,"href":"https:\/\/biosaber.pt\/fr\/wp-json\/wp\/v2\/product\/8023\/revisions"}],"predecessor-version":[{"id":9554,"href":"https:\/\/biosaber.pt\/fr\/wp-json\/wp\/v2\/product\/8023\/revisions\/9554"}],"wp:featuredmedia":[{"embeddable":true,"href":"https:\/\/biosaber.pt\/fr\/wp-json\/wp\/v2\/media\/7484"}],"wp:attachment":[{"href":"https:\/\/biosaber.pt\/fr\/wp-json\/wp\/v2\/media?parent=8023"}],"wp:term":[{"taxonomy":"product_cat","embeddable":true,"href":"https:\/\/biosaber.pt\/fr\/wp-json\/wp\/v2\/product_cat?post=8023"},{"taxonomy":"product_tag","embeddable":true,"href":"https:\/\/biosaber.pt\/fr\/wp-json\/wp\/v2\/product_tag?post=8023"}],"curies":[{"name":"wp","href":"https:\/\/api.w.org\/{rel}","templated":true}]}}