{"id":8043,"date":"2023-05-21T16:18:39","date_gmt":"2023-05-21T16:18:39","guid":{"rendered":"https:\/\/biosaber.pt\/?post_type=product&#038;p=8043"},"modified":"2023-06-27T15:24:05","modified_gmt":"2023-06-27T15:24:05","slug":"bacalhau-com-grao-de-bico-cebola-e-azeite","status":"publish","type":"product","link":"https:\/\/biosaber.pt\/fr\/produto\/bacalhau-com-grao-de-bico-cebola-e-azeite\/","title":{"rendered":"Bacalhau com gr\u00e3o de bico, cebola e azeite"},"content":{"rendered":"<p><b>Refer\u00eancia:<br \/>\n<\/b>CB-105<\/p>\n<p><b>Ingredientes:<br \/>\n<\/b>Bacalhau (42%); gr\u00e3o-de-bico (28%); azeite (27%); cebola (2%) e Sal.<\/p>\n<p class=\"p1\"><b>Esp\u00e9cie<\/b>: Bacalhau (Gadus morhua)<\/p>\n<p><strong>Peso L\u00edquido:<\/strong> 120g<\/p>\n<p><strong>Declara\u00e7\u00e3o nutricional m\u00e9dia (100gr):<\/strong><br \/>\nValores m\u00e9dios por 100g de produto escorrido<br \/>\nEnergia 1261 kJ \/ 305 kcal<br \/>\nL\u00edpidos 28 g<br \/>\ndos quais saturados 3,9g<br \/>\nHidratos de Carbono &lt;0,5 g<br \/>\ndos quais a\u00e7\u00facares &lt;0,5 g<br \/>\nProte\u00ednas 13 g<br \/>\nSal 1,6 g<\/p>\n<p class=\"p1\"><b>Alerg\u00e9nicos: <\/b>Peixe<\/p>\n<p><span class=\"s1\"><b>Propriedades:<\/b><\/span><br \/>\n\u2014 Prote\u00edna com baixo teor de gordura saturada<br \/>\n\u2014 Rico em \u00e1cidos gordos \u00f3mega 3<br \/>\n\u2014 Fonte de\u00a0 pot\u00e1ssio e\u00a0 f\u00f3sforo<\/p>\n<p class=\"p1\"><b>Conserva\u00e7\u00e3o<\/b>: Armazenar em local fresco e seco.<\/p>\n","protected":false},"excerpt":{"rendered":"<p class=\"p1\">Este \u00e9 mais um dos pratos t\u00edpicos da cozinha portuguesa e esta latinha oferece-lhe uma amostra deste manjar delicioso. Uma saborosa alternativa pr\u00e1tica e nutritiva, com sabores do mar e do campo.<\/p>\n<p class=\"p1\">Trata-se de um Bacalhau selecionado que \u00e9 primeiro demolhado e depois cozido. Quando pronto, \u00e9 enlatado \u00e0s lascas, ao qual \u00e9 adicionada uma por\u00e7\u00e3o de gr\u00e3o-de-bico e cebola e por fim \u00e9 envolvido em azeite.<\/p>\n<p class=\"p1\">Ideal para aperitivos e receitas r\u00e1pidas e saud\u00e1veis para toda a fam\u00edlia, juntando ingredientes nutritivos.<\/p>\n<p>&nbsp;<\/p>\n<p class=\"p1\">Este produto n\u00e3o necessita de qualquer prepara\u00e7\u00e3o culin\u00e1ria para ser consumido.<\/p>\n<p>&nbsp;<\/p>\n<p>&nbsp;<\/p>\n","protected":false},"featured_media":7496,"template":"","meta":{"_seopress_robots_primary_cat":"none"},"product_cat":[32,86],"product_tag":[],"_links":{"self":[{"href":"https:\/\/biosaber.pt\/fr\/wp-json\/wp\/v2\/product\/8043"}],"collection":[{"href":"https:\/\/biosaber.pt\/fr\/wp-json\/wp\/v2\/product"}],"about":[{"href":"https:\/\/biosaber.pt\/fr\/wp-json\/wp\/v2\/types\/product"}],"version-history":[{"count":5,"href":"https:\/\/biosaber.pt\/fr\/wp-json\/wp\/v2\/product\/8043\/revisions"}],"predecessor-version":[{"id":9211,"href":"https:\/\/biosaber.pt\/fr\/wp-json\/wp\/v2\/product\/8043\/revisions\/9211"}],"wp:featuredmedia":[{"embeddable":true,"href":"https:\/\/biosaber.pt\/fr\/wp-json\/wp\/v2\/media\/7496"}],"wp:attachment":[{"href":"https:\/\/biosaber.pt\/fr\/wp-json\/wp\/v2\/media?parent=8043"}],"wp:term":[{"taxonomy":"product_cat","embeddable":true,"href":"https:\/\/biosaber.pt\/fr\/wp-json\/wp\/v2\/product_cat?post=8043"},{"taxonomy":"product_tag","embeddable":true,"href":"https:\/\/biosaber.pt\/fr\/wp-json\/wp\/v2\/product_tag?post=8043"}],"curies":[{"name":"wp","href":"https:\/\/api.w.org\/{rel}","templated":true}]}}