{"id":8048,"date":"2023-05-21T16:49:10","date_gmt":"2023-05-21T16:49:10","guid":{"rendered":"https:\/\/biosaber.pt\/?post_type=product&#038;p=8048"},"modified":"2023-06-27T15:20:15","modified_gmt":"2023-06-27T15:20:15","slug":"caldeirada-de-bacalhau-em-azeite","status":"publish","type":"product","link":"https:\/\/biosaber.pt\/fr\/produto\/caldeirada-de-bacalhau-em-azeite\/","title":{"rendered":"Caldeirada de bacalhau em azeite"},"content":{"rendered":"<p><b>Refer\u00eancia:<br \/>\n<\/b>CB-115<\/p>\n<p><b>Ingredientes:<br \/>\n<\/b>Bacalhau (60%); azeite (28%); tomate (polpa) (7%); cebola (2%); pimento; especiarias e sal.<\/p>\n<p class=\"p1\"><b>Esp\u00e9cie<\/b>: Bacalhau (Gadus morhua)<\/p>\n<p><strong>Peso L\u00edquido:<\/strong> 120g<\/p>\n<p><strong>Declara\u00e7\u00e3o nutricional m\u00e9dia (100gr):<\/strong><br \/>\nValores m\u00e9dios por 100g de produto escorrido<br \/>\nEnergia 1319 kJ \/ 319 kcal<br \/>\nL\u00edpidos 28 g<br \/>\ndos quais saturados 4 g<br \/>\nHidratos de Carbono &lt;0.5 g<br \/>\ndos quais a\u00e7\u00facares &lt;0.5 g<br \/>\nProte\u00ednas 16 g<br \/>\nSal 1,6 g<\/p>\n<p class=\"p1\"><b>Alerg\u00e9nicos: <\/b>Peixe<\/p>\n<p><span class=\"s1\"><b>Propriedades:<\/b><\/span><br \/>\n\u2014 Prote\u00edna com baixo teor de gordura saturada<br \/>\n\u2014 Rico em \u00e1cidos gordos \u00f3mega 3<br \/>\n\u2014 Fonte de\u00a0 pot\u00e1ssio e\u00a0 f\u00f3sforo<\/p>\n<p class=\"p1\"><b>Conserva\u00e7\u00e3o<\/b>: Armazenar em local fresco e seco.<\/p>\n","protected":false},"excerpt":{"rendered":"<p class=\"p1\">Entre v\u00e1rias das receitas tradicionais da nossa cozinha portuguesa, escolhemos a Caldeirada de Bacalhau em Azeite, que procura enaltecer este peixe nutricionalmente superior. Sente-se \u00e0 mesa com este preparado especial, que procura fazer jus \u00e0s receitas antigas que nos transportam para os aromas e sabores das cozinhas dos nossos pescadores.<\/p>\n<p class=\"p1\">O Bacalhau \u00e9 preparado adicionando uma por\u00e7\u00e3o de polpa de tomate, cebola, pimento e especiarias.\u00a0Depois de pronto, \u00e9 enlatado e conservado em azeite.<\/p>\n<p class=\"p1\">Ideal para aperitivos e receitas r\u00e1pidas e saud\u00e1veis para toda a fam\u00edlia, juntando estes ingredientes nutritivos.<\/p>\n<p>&nbsp;<\/p>\n<p class=\"p1\">Este produto n\u00e3o necessita de qualquer prepara\u00e7\u00e3o culin\u00e1ria para ser consumido.<\/p>\n<p>&nbsp;<\/p>\n<p>&nbsp;<\/p>\n","protected":false},"featured_media":7520,"template":"","meta":{"_seopress_robots_primary_cat":"none"},"product_cat":[32,86],"product_tag":[],"_links":{"self":[{"href":"https:\/\/biosaber.pt\/fr\/wp-json\/wp\/v2\/product\/8048"}],"collection":[{"href":"https:\/\/biosaber.pt\/fr\/wp-json\/wp\/v2\/product"}],"about":[{"href":"https:\/\/biosaber.pt\/fr\/wp-json\/wp\/v2\/types\/product"}],"version-history":[{"count":4,"href":"https:\/\/biosaber.pt\/fr\/wp-json\/wp\/v2\/product\/8048\/revisions"}],"predecessor-version":[{"id":9207,"href":"https:\/\/biosaber.pt\/fr\/wp-json\/wp\/v2\/product\/8048\/revisions\/9207"}],"wp:featuredmedia":[{"embeddable":true,"href":"https:\/\/biosaber.pt\/fr\/wp-json\/wp\/v2\/media\/7520"}],"wp:attachment":[{"href":"https:\/\/biosaber.pt\/fr\/wp-json\/wp\/v2\/media?parent=8048"}],"wp:term":[{"taxonomy":"product_cat","embeddable":true,"href":"https:\/\/biosaber.pt\/fr\/wp-json\/wp\/v2\/product_cat?post=8048"},{"taxonomy":"product_tag","embeddable":true,"href":"https:\/\/biosaber.pt\/fr\/wp-json\/wp\/v2\/product_tag?post=8048"}],"curies":[{"name":"wp","href":"https:\/\/api.w.org\/{rel}","templated":true}]}}