{"id":8050,"date":"2023-05-21T16:52:11","date_gmt":"2023-05-21T16:52:11","guid":{"rendered":"https:\/\/biosaber.pt\/?post_type=product&#038;p=8050"},"modified":"2023-06-27T15:19:00","modified_gmt":"2023-06-27T15:19:00","slug":"bochechas-de-bacalhau-em-azeite-e-alho","status":"publish","type":"product","link":"https:\/\/biosaber.pt\/fr\/produto\/bochechas-de-bacalhau-em-azeite-e-alho\/","title":{"rendered":"Bochechas de bacalhau em azeite e alho"},"content":{"rendered":"<p><b>Refer\u00eancia:<br \/>\n<\/b>CB-120<\/p>\n<p><b>Ingredientes:<br \/>\n<\/b>Bochechas de bacalhau (65%); azeite (33%); alho (1%) e sal.<\/p>\n<p class=\"p1\"><b>Esp\u00e9cie<\/b>: Bacalhau (Gadus morhua)<\/p>\n<p><strong>Peso L\u00edquido:<\/strong> 120g<\/p>\n<p><strong>Declara\u00e7\u00e3o nutricional m\u00e9dia (100gr):<\/strong><br \/>\nValores m\u00e9dios por 100g de produto escorrido:<br \/>\nEnergia 661 kJ \/ 158 kcal<br \/>\nL\u00edpidos 6.7 g<br \/>\ndos quais saturados 1g<br \/>\nHidratos de Carbono 0 g<br \/>\ndos quais a\u00e7\u00facares 0 g<br \/>\nProte\u00ednas 24 g<br \/>\nSal 1.8 g<\/p>\n<p class=\"p1\"><b>Alerg\u00e9nicos: <\/b>Peixe<\/p>\n<p><span class=\"s1\"><b>Propriedades:<\/b><\/span><br \/>\n\u2014 Prote\u00edna com baixo teor de gordura saturada<br \/>\n\u2014 Rico em \u00e1cidos gordos \u00f3mega 3<br \/>\n\u2014 Fonte de\u00a0 pot\u00e1ssio e\u00a0 f\u00f3sforo<\/p>\n<p class=\"p1\"><b>Conserva\u00e7\u00e3o<\/b>: Armazenar em local fresco e seco.<\/p>\n","protected":false},"excerpt":{"rendered":"<p class=\"p1\">As Bochechas s\u00e3o uma verdadeira iguaria, extra\u00eddas da parte da cara do nosso Bacalhau selecionado e uma das mais delicadas. Esta receita \u00e9 mais um dos pratos t\u00edpicos da cozinha tradicional portuguesa, onde poder\u00e1 descobrir um aroma delicado, mas as suas papilas gustativas n\u00e3o ficaram indiferentes.<\/p>\n<p class=\"p1\">Na altura da prepara\u00e7\u00e3o do Bacalhau, as bochechas s\u00e3o extra\u00eddas e posteriormente s\u00e3o limpas e conservadas em azeite e alho.<\/p>\n<p class=\"p1\">Ideal para aperitivos e receitas r\u00e1pidas e saud\u00e1veis para toda a fam\u00edlia, juntando estes ingredientes nutritivos.<\/p>\n<p>&nbsp;<\/p>\n<p class=\"p1\">Este produto n\u00e3o necessita de qualquer prepara\u00e7\u00e3o culin\u00e1ria para ser consumido.<\/p>\n<p>&nbsp;<\/p>\n","protected":false},"featured_media":7508,"template":"","meta":{"_seopress_robots_primary_cat":"none"},"product_cat":[32,86],"product_tag":[],"_links":{"self":[{"href":"https:\/\/biosaber.pt\/fr\/wp-json\/wp\/v2\/product\/8050"}],"collection":[{"href":"https:\/\/biosaber.pt\/fr\/wp-json\/wp\/v2\/product"}],"about":[{"href":"https:\/\/biosaber.pt\/fr\/wp-json\/wp\/v2\/types\/product"}],"version-history":[{"count":4,"href":"https:\/\/biosaber.pt\/fr\/wp-json\/wp\/v2\/product\/8050\/revisions"}],"predecessor-version":[{"id":9205,"href":"https:\/\/biosaber.pt\/fr\/wp-json\/wp\/v2\/product\/8050\/revisions\/9205"}],"wp:featuredmedia":[{"embeddable":true,"href":"https:\/\/biosaber.pt\/fr\/wp-json\/wp\/v2\/media\/7508"}],"wp:attachment":[{"href":"https:\/\/biosaber.pt\/fr\/wp-json\/wp\/v2\/media?parent=8050"}],"wp:term":[{"taxonomy":"product_cat","embeddable":true,"href":"https:\/\/biosaber.pt\/fr\/wp-json\/wp\/v2\/product_cat?post=8050"},{"taxonomy":"product_tag","embeddable":true,"href":"https:\/\/biosaber.pt\/fr\/wp-json\/wp\/v2\/product_tag?post=8050"}],"curies":[{"name":"wp","href":"https:\/\/api.w.org\/{rel}","templated":true}]}}