{"id":8052,"date":"2023-05-21T16:55:18","date_gmt":"2023-05-21T16:55:18","guid":{"rendered":"https:\/\/biosaber.pt\/?post_type=product&#038;p=8052"},"modified":"2023-06-27T15:18:01","modified_gmt":"2023-06-27T15:18:01","slug":"ovas-de-bacalhau-a-portuguesa","status":"publish","type":"product","link":"https:\/\/biosaber.pt\/fr\/produto\/ovas-de-bacalhau-a-portuguesa\/","title":{"rendered":"Ovas de bacalhau \u00e0 portuguesa"},"content":{"rendered":"<p><b>Refer\u00eancia:<br \/>\n<\/b>CB-125<\/p>\n<p><b>Ingredientes:<br \/>\n<\/b>Ovas de bacalhau (65%); \u00d3leo Vegetal (28%); Cenoura (2%); Cebola (2%); Piripiri; Sal e Especiarias em propor\u00e7\u00f5es vari\u00e1veis.<\/p>\n<p class=\"p1\"><b>Esp\u00e9cie<\/b>: Bacalhau (Gadus morhua)<\/p>\n<p><strong>Peso L\u00edquido:<\/strong> 120g<\/p>\n<p><strong>Declara\u00e7\u00e3o nutricional m\u00e9dia (100gr):<\/strong><br \/>\nValores m\u00e9dios por 100g de produto escorrido:<br \/>\nEnergia 1441 kJ\/348 kcal<br \/>\nL\u00edpidos 32 g<br \/>\ndos quais saturados 5,3 g<br \/>\nHidratos de Carbono 1,1 g<br \/>\ndos quais a\u00e7\u00facares &lt; 0,5 g<br \/>\nProte\u00ednas 15 g<br \/>\nSal 1,2 g<\/p>\n<p class=\"p1\"><b>Alerg\u00e9nicos: <\/b>Peixe<\/p>\n<p><span class=\"s1\"><b>Propriedades:<\/b><\/span><br \/>\n\u2014 Prote\u00edna com baixo teor de gordura saturada<br \/>\n\u2014 Rico em \u00e1cidos gordos \u00f3mega 3<br \/>\n\u2014 Fonte de\u00a0 pot\u00e1ssio e\u00a0 f\u00f3sforo<\/p>\n<p class=\"p1\"><b>Conserva\u00e7\u00e3o<\/b>: Armazenar em local fresco e seco.<\/p>\n","protected":false},"excerpt":{"rendered":"<p class=\"p1\">Este \u00e9 o resultado de uma especialidade que combina o melhor de dois mundos: a dieta mediterr\u00e2nea e os sabores da cozinha portuguesa. Este \u201ccaviar\u201d portugu\u00eas \u00e9 um dos ingredientes do Bacalhau que mais sabor tem. As ovas s\u00e3o um alimento especialmente nutritivo, rico em \u00f4mega-3 e alto teor de vitamina B-12.<\/p>\n<p class=\"p1\">As ovas s\u00e3o preparadas adicionando cenoura, cebola e piri-piri seco. Depois de prontas, s\u00e3o enlatadas e conservadas em \u00f3leo vegetal misturado com especiarias em propor\u00e7\u00f5es vari\u00e1veis.<\/p>\n<p class=\"p1\">Ideal para aperitivos e receitas r\u00e1pidas e saud\u00e1veis para toda a fam\u00edlia, juntando estes ingredientes nutritivos.<\/p>\n<p>&nbsp;<\/p>\n<p class=\"p1\">Este produto n\u00e3o necessita de qualquer prepara\u00e7\u00e3o culin\u00e1ria para ser consumido.<\/p>\n<p>&nbsp;<\/p>\n<p class=\"p1\">\n","protected":false},"featured_media":7532,"template":"","meta":{"_seopress_robots_primary_cat":"none"},"product_cat":[32,86],"product_tag":[],"_links":{"self":[{"href":"https:\/\/biosaber.pt\/fr\/wp-json\/wp\/v2\/product\/8052"}],"collection":[{"href":"https:\/\/biosaber.pt\/fr\/wp-json\/wp\/v2\/product"}],"about":[{"href":"https:\/\/biosaber.pt\/fr\/wp-json\/wp\/v2\/types\/product"}],"version-history":[{"count":5,"href":"https:\/\/biosaber.pt\/fr\/wp-json\/wp\/v2\/product\/8052\/revisions"}],"predecessor-version":[{"id":9166,"href":"https:\/\/biosaber.pt\/fr\/wp-json\/wp\/v2\/product\/8052\/revisions\/9166"}],"wp:featuredmedia":[{"embeddable":true,"href":"https:\/\/biosaber.pt\/fr\/wp-json\/wp\/v2\/media\/7532"}],"wp:attachment":[{"href":"https:\/\/biosaber.pt\/fr\/wp-json\/wp\/v2\/media?parent=8052"}],"wp:term":[{"taxonomy":"product_cat","embeddable":true,"href":"https:\/\/biosaber.pt\/fr\/wp-json\/wp\/v2\/product_cat?post=8052"},{"taxonomy":"product_tag","embeddable":true,"href":"https:\/\/biosaber.pt\/fr\/wp-json\/wp\/v2\/product_tag?post=8052"}],"curies":[{"name":"wp","href":"https:\/\/api.w.org\/{rel}","templated":true}]}}