{"id":8054,"date":"2023-05-21T17:01:31","date_gmt":"2023-05-21T17:01:31","guid":{"rendered":"https:\/\/biosaber.pt\/?post_type=product&#038;p=8054"},"modified":"2023-06-27T15:13:29","modified_gmt":"2023-06-27T15:13:29","slug":"petingas-em-oleo-vegetal","status":"publish","type":"product","link":"https:\/\/biosaber.pt\/fr\/produto\/petingas-em-oleo-vegetal\/","title":{"rendered":"Petingas em \u00f3leo vegetal"},"content":{"rendered":"<p><b>Refer\u00eancia:<br \/>\n<\/b>CS-120<\/p>\n<p><b>Ingredientes:<br \/>\n<\/b>Sardinhas (70%), \u00f3leo vegetal de soja (29%), sal (1%).<\/p>\n<p class=\"p1\"><b>Esp\u00e9cie<\/b>: Sardinha (Sardina pilchardus)<\/p>\n<p><strong>Peso L\u00edquido:<\/strong> 90g<\/p>\n<p><strong>Declara\u00e7\u00e3o nutricional m\u00e9dia (100gr):<\/strong><br \/>\nValores m\u00e9dios por 100g de produto escorrido<br \/>\nEnergia 1069 kJ \/ 257 Kcal<br \/>\nL\u00edpidos 18,6g<br \/>\ndos quais saturados 3,1g<br \/>\ndos quais polinsaturados 11g<br \/>\nHidratos de Carbono &lt; 1g<br \/>\ndos quais a\u00e7\u00facares &lt; 1g<br \/>\nProte\u00ednas 22,4g<br \/>\nSal 1,38g<br \/>\n\u00d4mega 3 (C18:3) 0,69g<\/p>\n<p class=\"p1\"><b>Alerg\u00e9nicos: <\/b>Peixe<\/p>\n<p><span class=\"s1\"><b>Propriedades:\u00a0<\/b><\/span><br \/>\n\u2014 Elevados n\u00edveis de prote\u00edna de alto valor biol\u00f3gico<br \/>\n\u2014 Ricas em vitaminas D, B12 e B3.<br \/>\n\u2014 Alto teor de \u00e1cidos gordos \u00d3mega 3.<\/p>\n<p class=\"p1\"><b>Conserva\u00e7\u00e3o<\/b>: Armazenar em local fresco e seco.<\/p>\n","protected":false},"excerpt":{"rendered":"<p class=\"p1\">A Petinga \u00e9 a esp\u00e9cie mais jovem da Sardinha e nesta latinha encontrar\u00e1 uma amostra deliciosa, com uma textura fina e intensa no final. Esta combina\u00e7\u00e3o permite-lhe degustar a Petinga por inteiro e dar asas \u00e0 sua imagina\u00e7\u00e3o para a elabora\u00e7\u00e3o do seu petisco.<\/p>\n<p class=\"p1\">Esta Sardinha selecionada ap\u00f3s preparada \u00e9 pr\u00e9-cozida, depois enlatada pelas nossas conserveiras e coberta em \u00d3leo de soja.<\/p>\n<p class=\"p1\">Ideal para aperitivos e receitas r\u00e1pidas e saud\u00e1veis para toda a fam\u00edlia, juntando estes ingredientes nutritivos.<\/p>\n<p>&nbsp;<\/p>\n<p class=\"p1\">Este produto n\u00e3o necessita de qualquer prepara\u00e7\u00e3o culin\u00e1ria para ser consumido.<\/p>\n<p>&nbsp;<\/p>\n","protected":false},"featured_media":7553,"template":"","meta":{"_seopress_robots_primary_cat":"none"},"product_cat":[85,86],"product_tag":[],"_links":{"self":[{"href":"https:\/\/biosaber.pt\/fr\/wp-json\/wp\/v2\/product\/8054"}],"collection":[{"href":"https:\/\/biosaber.pt\/fr\/wp-json\/wp\/v2\/product"}],"about":[{"href":"https:\/\/biosaber.pt\/fr\/wp-json\/wp\/v2\/types\/product"}],"version-history":[{"count":4,"href":"https:\/\/biosaber.pt\/fr\/wp-json\/wp\/v2\/product\/8054\/revisions"}],"predecessor-version":[{"id":9424,"href":"https:\/\/biosaber.pt\/fr\/wp-json\/wp\/v2\/product\/8054\/revisions\/9424"}],"wp:featuredmedia":[{"embeddable":true,"href":"https:\/\/biosaber.pt\/fr\/wp-json\/wp\/v2\/media\/7553"}],"wp:attachment":[{"href":"https:\/\/biosaber.pt\/fr\/wp-json\/wp\/v2\/media?parent=8054"}],"wp:term":[{"taxonomy":"product_cat","embeddable":true,"href":"https:\/\/biosaber.pt\/fr\/wp-json\/wp\/v2\/product_cat?post=8054"},{"taxonomy":"product_tag","embeddable":true,"href":"https:\/\/biosaber.pt\/fr\/wp-json\/wp\/v2\/product_tag?post=8054"}],"curies":[{"name":"wp","href":"https:\/\/api.w.org\/{rel}","templated":true}]}}