{"id":8062,"date":"2023-05-21T17:11:52","date_gmt":"2023-05-21T17:11:52","guid":{"rendered":"https:\/\/biosaber.pt\/?post_type=product&#038;p=8062"},"modified":"2023-06-27T15:12:06","modified_gmt":"2023-06-27T15:12:06","slug":"petingas-em-tomate-picante","status":"publish","type":"product","link":"https:\/\/biosaber.pt\/fr\/produto\/petingas-em-tomate-picante\/","title":{"rendered":"Petingas em tomate picante"},"content":{"rendered":"<p><b>Refer\u00eancia:<br \/>\n<\/b>CS-125<\/p>\n<p><b>Ingredientes:<br \/>\n<\/b>Sardinhas (65%), tomate (19.5%), \u00f3leo vegetal de soja e sal.<\/p>\n<p class=\"p1\"><b>Esp\u00e9cie<\/b>: Sardinha (Sardina pilchardus)<\/p>\n<p><strong>Peso L\u00edquido:<\/strong> 90g<\/p>\n<p><strong>Declara\u00e7\u00e3o nutricional m\u00e9dia (100gr):<\/strong><br \/>\nValores m\u00e9dios por 100g de produto escorrido<br \/>\nEnergia 655 kJ \/ 156 Kcal<br \/>\nL\u00edpidos 6,3 g<br \/>\ndos quais saturados 1,8 g<br \/>\ndos quais polinsaturados 2,6 g<br \/>\nHidratos de Carbono 1,8 g<br \/>\ndos quais a\u00e7\u00facares 0,6 g<br \/>\nProte\u00ednas 23 g<br \/>\nSal 1,38 g<br \/>\n\u00d4mega 3 (EPA+DHA) 1,2g<\/p>\n<p class=\"p1\"><b>Alerg\u00e9nicos: <\/b>Peixe<\/p>\n<p><span class=\"s1\"><b>Propriedades:\u00a0<\/b><\/span><br \/>\n\u2014 Elevados n\u00edveis de prote\u00edna de alto valor biol\u00f3gico<br \/>\n\u2014 Ricas em vitaminas D, B12 e B3.<br \/>\n\u2014 Alto teor de \u00e1cidos gordos \u00d3mega 3.<\/p>\n<p class=\"p1\"><b>Conserva\u00e7\u00e3o<\/b>: Armazenar em local fresco e seco.<\/p>\n","protected":false},"excerpt":{"rendered":"<p class=\"p1\">A Petinga \u00e9 a esp\u00e9cie mais jovem da Sardinha, mas n\u00e3o \u00e9 por isso que deixa de ser elegantemente saborosa.<\/p>\n<p class=\"p1\">Aqui encontrar\u00e1 uma amostra deliciosa, com uma textura fina e intensa no final, um petisco tradicional portugu\u00eas, dif\u00edcil de resistir. Ir\u00e1 reparar que o tomate com o aporte do picante agu\u00e7a as qualidades do paladar indiscut\u00edvel da Petinga.<\/p>\n<p class=\"p1\">Ap\u00f3s preparada \u00e0 m\u00e3o, a Petinga selecionada \u00e9 pr\u00e9-cozida, depois enlatada e coberta num delicioso molho de tomate, para dar mais sabor e textura \u00e0 conserva.<\/p>\n<p class=\"p1\">Ideal para aperitivos e receitas r\u00e1pidas e saud\u00e1veis para toda a fam\u00edlia, juntando estes ingredientes nutritivos.<\/p>\n<p>&nbsp;<\/p>\n<p class=\"p1\">Este produto n\u00e3o necessita de qualquer prepara\u00e7\u00e3o culin\u00e1ria para ser consumido.<\/p>\n<p>&nbsp;<\/p>\n<p>&nbsp;<\/p>\n","protected":false},"featured_media":7544,"template":"","meta":{"_seopress_robots_primary_cat":"none"},"product_cat":[85,86],"product_tag":[],"_links":{"self":[{"href":"https:\/\/biosaber.pt\/fr\/wp-json\/wp\/v2\/product\/8062"}],"collection":[{"href":"https:\/\/biosaber.pt\/fr\/wp-json\/wp\/v2\/product"}],"about":[{"href":"https:\/\/biosaber.pt\/fr\/wp-json\/wp\/v2\/types\/product"}],"version-history":[{"count":3,"href":"https:\/\/biosaber.pt\/fr\/wp-json\/wp\/v2\/product\/8062\/revisions"}],"predecessor-version":[{"id":9202,"href":"https:\/\/biosaber.pt\/fr\/wp-json\/wp\/v2\/product\/8062\/revisions\/9202"}],"wp:featuredmedia":[{"embeddable":true,"href":"https:\/\/biosaber.pt\/fr\/wp-json\/wp\/v2\/media\/7544"}],"wp:attachment":[{"href":"https:\/\/biosaber.pt\/fr\/wp-json\/wp\/v2\/media?parent=8062"}],"wp:term":[{"taxonomy":"product_cat","embeddable":true,"href":"https:\/\/biosaber.pt\/fr\/wp-json\/wp\/v2\/product_cat?post=8062"},{"taxonomy":"product_tag","embeddable":true,"href":"https:\/\/biosaber.pt\/fr\/wp-json\/wp\/v2\/product_tag?post=8062"}],"curies":[{"name":"wp","href":"https:\/\/api.w.org\/{rel}","templated":true}]}}