{"id":8067,"date":"2023-05-21T17:20:48","date_gmt":"2023-05-21T17:20:48","guid":{"rendered":"https:\/\/biosaber.pt\/?post_type=product&#038;p=8067"},"modified":"2023-06-27T15:07:17","modified_gmt":"2023-06-27T15:07:17","slug":"sardinhas-em-escabeche","status":"publish","type":"product","link":"https:\/\/biosaber.pt\/fr\/produto\/sardinhas-em-escabeche\/","title":{"rendered":"Sardinhas em escabeche"},"content":{"rendered":"<p><b>Refer\u00eancia:<br \/>\n<\/b>CS-115<\/p>\n<p><b>Ingredientes:<br \/>\n<\/b>Sardinhas (70%), vinagre (14,3%), \u00f3leo de girassol (14,3%), sal (1%), cebola (0,29%) e especiarias (0,03%).<\/p>\n<p class=\"p1\"><b>Esp\u00e9cie<\/b>: Sardinha (Sardina pilchardus)<\/p>\n<p><strong>Peso L\u00edquido:<\/strong> 120g<\/p>\n<p><strong>Declara\u00e7\u00e3o nutricional m\u00e9dia (100gr):<\/strong><br \/>\nValores m\u00e9dios por 100g de produto escorrido<br \/>\nEnergia 932,98 kJ \/ 224,05 Kcal<br \/>\nL\u00edpidos 16,19 g<br \/>\ndos quais saturados 3,1 g<br \/>\ndos quais polinsaturados 7,98 g<br \/>\nHidratos de Carbono 1,07 g<br \/>\ndos quais a\u00e7\u00facares 0g<br \/>\nProte\u00ednas 18,45 g<br \/>\nSal 1,24 g<br \/>\n\u00d4mega 3 (EPA+DHA) 0,54g<\/p>\n<p class=\"p1\"><b>Alerg\u00e9nicos: <\/b>Peixe<\/p>\n<p><span class=\"s1\"><b>Propriedades:\u00a0<\/b><\/span><br \/>\n\u2014 Elevados n\u00edveis de prote\u00edna de alto valor biol\u00f3gico<br \/>\n\u2014 Ricas em vitaminas D, B12 e B3.<br \/>\n\u2014 Alto teor de \u00e1cidos gordos \u00d3mega 3.<\/p>\n<p class=\"p1\"><b>Conserva\u00e7\u00e3o<\/b>: Armazenar em local fresco e seco.<\/p>\n","protected":false},"excerpt":{"rendered":"<p class=\"p1\">Estas Sardinhas em Escabeche s\u00e3o a receita perfeita para degustar no momento e sentir um dos sabores mais conhecidos da cozinha portuguesa. Nesta latinha encontrar\u00e1 um sabor delicioso que poder\u00e1 servir como petisco ou como entrada para a sua refei\u00e7\u00e3o. Naturalmente a Sardinha \u00e9 um peixe leve e elegante e ao ser regada com este molho, onde matura lentamente ir\u00e1 adquirir um sabor e aroma de comer e chorar por mais.<\/p>\n<p class=\"p1\">Ap\u00f3s preparada pelas nossas conserveiras na perfei\u00e7\u00e3o, esta Sardinha selecionada \u00e9 pr\u00e9-cozida, depois enlatada e coberta por um molho de escabeche rico e arom\u00e1tico.<\/p>\n<p class=\"p1\">Ideal para aperitivos e receitas r\u00e1pidas e saud\u00e1veis para toda a fam\u00edlia, juntando estes ingredientes nutritivos.<\/p>\n<p>&nbsp;<\/p>\n<p class=\"p1\">Este produto n\u00e3o necessita de qualquer prepara\u00e7\u00e3o culin\u00e1ria para ser consumido.<\/p>\n<p>&nbsp;<\/p>\n","protected":false},"featured_media":7562,"template":"","meta":{"_seopress_robots_primary_cat":"none"},"product_cat":[85,86],"product_tag":[],"_links":{"self":[{"href":"https:\/\/biosaber.pt\/fr\/wp-json\/wp\/v2\/product\/8067"}],"collection":[{"href":"https:\/\/biosaber.pt\/fr\/wp-json\/wp\/v2\/product"}],"about":[{"href":"https:\/\/biosaber.pt\/fr\/wp-json\/wp\/v2\/types\/product"}],"version-history":[{"count":3,"href":"https:\/\/biosaber.pt\/fr\/wp-json\/wp\/v2\/product\/8067\/revisions"}],"predecessor-version":[{"id":9200,"href":"https:\/\/biosaber.pt\/fr\/wp-json\/wp\/v2\/product\/8067\/revisions\/9200"}],"wp:featuredmedia":[{"embeddable":true,"href":"https:\/\/biosaber.pt\/fr\/wp-json\/wp\/v2\/media\/7562"}],"wp:attachment":[{"href":"https:\/\/biosaber.pt\/fr\/wp-json\/wp\/v2\/media?parent=8067"}],"wp:term":[{"taxonomy":"product_cat","embeddable":true,"href":"https:\/\/biosaber.pt\/fr\/wp-json\/wp\/v2\/product_cat?post=8067"},{"taxonomy":"product_tag","embeddable":true,"href":"https:\/\/biosaber.pt\/fr\/wp-json\/wp\/v2\/product_tag?post=8067"}],"curies":[{"name":"wp","href":"https:\/\/api.w.org\/{rel}","templated":true}]}}