{"id":8069,"date":"2023-05-21T17:23:14","date_gmt":"2023-05-21T17:23:14","guid":{"rendered":"https:\/\/biosaber.pt\/?post_type=product&#038;p=8069"},"modified":"2023-10-24T11:23:27","modified_gmt":"2023-10-24T11:23:27","slug":"sardinhas-em-oleo-picante","status":"publish","type":"product","link":"https:\/\/biosaber.pt\/fr\/produto\/sardinhas-em-oleo-picante\/","title":{"rendered":"Sardinhas em \u00f3leo picante"},"content":{"rendered":"<p><b>Refer\u00eancia:<br \/>\n<\/b>CS-105<\/p>\n<p><b>Ingredientes:<br \/>\n<\/b>Sardinhas (70%), \u00f3leo de girassol (28,4%), sal (1%) e especiarias (0,6%).<\/p>\n<p class=\"p1\"><b>Esp\u00e9cie<\/b>: Sardinha (Sardina pilchardus)<\/p>\n<p><strong>Peso L\u00edquido:<\/strong> 120g<\/p>\n<p><strong>Declara\u00e7\u00e3o nutricional m\u00e9dia (100gr):<\/strong><br \/>\nValores m\u00e9dios por 100g de produto escorrido<br \/>\nEnergia 1005 kJ \/ 241 Kcal<br \/>\nL\u00edpidos 15,8 g<br \/>\ndos quais saturados 2,6 g<br \/>\ndos quais polinsaturados 8,8 g<br \/>\nHidratos de Carbono 1 g<br \/>\ndos quais a\u00e7\u00facares 1 g<br \/>\nProte\u00ednas 23,7 g<br \/>\nSal 1,24 g<br \/>\n\u00d4mega 3 (C18:3) 0,7g<\/p>\n<p class=\"p1\"><b>Alerg\u00e9nicos: <\/b>Peixe<\/p>\n<p><span class=\"s1\"><b>Propriedades:\u00a0<\/b><\/span><br \/>\n\u2014 Elevados n\u00edveis de prote\u00edna de alto valor biol\u00f3gico<br \/>\n\u2014 Ricas em vitaminas D, B12 e B3.<br \/>\n\u2014 Alto teor de \u00e1cidos gordos \u00d3mega 3.<\/p>\n<p class=\"p1\"><b>Conserva\u00e7\u00e3o<\/b>: Armazenar em local fresco e seco.<\/p>\n","protected":false},"excerpt":{"rendered":"<p class=\"p1\">Experimente a delicadeza da Sardinha com um apontamento mais apurado e apimentado, herdado do \u00f3leo picante. Esta iguaria selecionada \u00e9 preparada de forma artesanal pelas nossas conserveiras, para que chegue at\u00e9 si um sabor \u00fanico e inesquec\u00edvel.<span class=\"Apple-converted-space\">\u00a0 <\/span>Ap\u00f3s pr\u00e9-cozida, \u00e9 enlatada e depois regada em \u00f3leo picante.<\/p>\n<p class=\"p1\">A combina\u00e7\u00e3o do \u00f3leo picante com a sardinha \u00e9 uma explos\u00e3o de sabores que far\u00e1 com que voc\u00ea queira degustar mais e mais.<\/p>\n<p class=\"p1\">Ideal para aperitivos e receitas r\u00e1pidas e saud\u00e1veis para toda a fam\u00edlia, juntando estes ingredientes nutritivos.<\/p>\n<p>&nbsp;<\/p>\n<p class=\"p1\">Este produto n\u00e3o necessita de qualquer prepara\u00e7\u00e3o culin\u00e1ria para ser consumido.<\/p>\n","protected":false},"featured_media":7592,"template":"","meta":{"_seopress_robots_primary_cat":"none"},"product_cat":[85,86],"product_tag":[],"_links":{"self":[{"href":"https:\/\/biosaber.pt\/fr\/wp-json\/wp\/v2\/product\/8069"}],"collection":[{"href":"https:\/\/biosaber.pt\/fr\/wp-json\/wp\/v2\/product"}],"about":[{"href":"https:\/\/biosaber.pt\/fr\/wp-json\/wp\/v2\/types\/product"}],"version-history":[{"count":4,"href":"https:\/\/biosaber.pt\/fr\/wp-json\/wp\/v2\/product\/8069\/revisions"}],"predecessor-version":[{"id":9199,"href":"https:\/\/biosaber.pt\/fr\/wp-json\/wp\/v2\/product\/8069\/revisions\/9199"}],"wp:featuredmedia":[{"embeddable":true,"href":"https:\/\/biosaber.pt\/fr\/wp-json\/wp\/v2\/media\/7592"}],"wp:attachment":[{"href":"https:\/\/biosaber.pt\/fr\/wp-json\/wp\/v2\/media?parent=8069"}],"wp:term":[{"taxonomy":"product_cat","embeddable":true,"href":"https:\/\/biosaber.pt\/fr\/wp-json\/wp\/v2\/product_cat?post=8069"},{"taxonomy":"product_tag","embeddable":true,"href":"https:\/\/biosaber.pt\/fr\/wp-json\/wp\/v2\/product_tag?post=8069"}],"curies":[{"name":"wp","href":"https:\/\/api.w.org\/{rel}","templated":true}]}}