{"id":8071,"date":"2023-05-21T17:25:19","date_gmt":"2023-05-21T17:25:19","guid":{"rendered":"https:\/\/biosaber.pt\/?post_type=product&#038;p=8071"},"modified":"2023-06-27T15:09:29","modified_gmt":"2023-06-27T15:09:29","slug":"sardinhas-em-tomate","status":"publish","type":"product","link":"https:\/\/biosaber.pt\/fr\/produto\/sardinhas-em-tomate\/","title":{"rendered":"Sardinhas em tomate"},"content":{"rendered":"<p><b>Refer\u00eancia:<br \/>\n<\/b>Cs-110<\/p>\n<p><b>Ingredientes:<br \/>\n<\/b>Sardinhas (65%), tomate (19,5%), \u00f3leo de girassol (14,5%) e sal (1%).<\/p>\n<p class=\"p1\"><b>Esp\u00e9cie<\/b>: Sardinha (Sardina pilchardus)<\/p>\n<p><strong>Peso L\u00edquido:<\/strong> 120g<\/p>\n<p><strong>Declara\u00e7\u00e3o nutricional m\u00e9dia (100gr):<\/strong><br \/>\nValores m\u00e9dios por 100g de produto escorrido<br \/>\nEnergia 993 kJ \/ 239 Kcal<br \/>\nL\u00edpidos 16,9 g<br \/>\ndos quais saturados 5,45 g<br \/>\ndos quais polinsaturados 6,82 g<br \/>\nHidratos de Carbono 3,21 g<br \/>\ndos quais a\u00e7\u00facares 0 g<br \/>\nProte\u00ednas 18,4 g<br \/>\nSal 1,24 g<br \/>\n\u00d4mega 3 (C18:3) 3,56g<\/p>\n<p class=\"p1\"><b>Alerg\u00e9nicos: <\/b>Peixe<\/p>\n<p><span class=\"s1\"><b>Propriedades:\u00a0<\/b><\/span><br \/>\n\u2014 Elevados n\u00edveis de prote\u00edna de alto valor biol\u00f3gico<br \/>\n\u2014 Ricas em vitaminas D, B12 e B3.<br \/>\n\u2014 Alto teor de \u00e1cidos gordos \u00d3mega 3.<\/p>\n<p class=\"p1\"><b>Conserva\u00e7\u00e3o<\/b>: Armazenar em local fresco e seco.<\/p>\n","protected":false},"excerpt":{"rendered":"<p class=\"p1\">Aqui apresentamos uma perfeita simbiose entre a Sardinha e o tomate, que lhe permite degustar uma das combina\u00e7\u00f5es mais saborosas que oferecemos e que lhe trar\u00e1 mem\u00f3rias das Festas dos Santos populares.<\/p>\n<p class=\"p1\">Experimente o requinte da Sardinha selecionada, que \u00e9 cuidadosamente preparada \u00e0 m\u00e3o, para que chegue at\u00e9 si um sabor \u00fanico e inesquec\u00edvel.<\/p>\n<p class=\"p1\">Ap\u00f3s pr\u00e9-cozidas, s\u00e3o enlatadas e acompanhadas com um delicioso molho de tomate.<\/p>\n<p class=\"p1\">Ideal para aperitivos e receitas r\u00e1pidas e saud\u00e1veis para toda a fam\u00edlia, juntando estes ingredientes nutritivos.<\/p>\n<p>&nbsp;<\/p>\n<p class=\"p1\">Este produto n\u00e3o necessita de qualquer prepara\u00e7\u00e3o culin\u00e1ria para ser consumido.<\/p>\n","protected":false},"featured_media":7580,"template":"","meta":{"_seopress_robots_primary_cat":"none"},"product_cat":[85,86],"product_tag":[],"_links":{"self":[{"href":"https:\/\/biosaber.pt\/fr\/wp-json\/wp\/v2\/product\/8071"}],"collection":[{"href":"https:\/\/biosaber.pt\/fr\/wp-json\/wp\/v2\/product"}],"about":[{"href":"https:\/\/biosaber.pt\/fr\/wp-json\/wp\/v2\/types\/product"}],"version-history":[{"count":6,"href":"https:\/\/biosaber.pt\/fr\/wp-json\/wp\/v2\/product\/8071\/revisions"}],"predecessor-version":[{"id":9157,"href":"https:\/\/biosaber.pt\/fr\/wp-json\/wp\/v2\/product\/8071\/revisions\/9157"}],"wp:featuredmedia":[{"embeddable":true,"href":"https:\/\/biosaber.pt\/fr\/wp-json\/wp\/v2\/media\/7580"}],"wp:attachment":[{"href":"https:\/\/biosaber.pt\/fr\/wp-json\/wp\/v2\/media?parent=8071"}],"wp:term":[{"taxonomy":"product_cat","embeddable":true,"href":"https:\/\/biosaber.pt\/fr\/wp-json\/wp\/v2\/product_cat?post=8071"},{"taxonomy":"product_tag","embeddable":true,"href":"https:\/\/biosaber.pt\/fr\/wp-json\/wp\/v2\/product_tag?post=8071"}],"curies":[{"name":"wp","href":"https:\/\/api.w.org\/{rel}","templated":true}]}}