{"id":8073,"date":"2023-05-21T17:28:27","date_gmt":"2023-05-21T17:28:27","guid":{"rendered":"https:\/\/biosaber.pt\/?post_type=product&#038;p=8073"},"modified":"2023-06-27T15:37:23","modified_gmt":"2023-06-27T15:37:23","slug":"filetes-de-atum-em-azeite","status":"publish","type":"product","link":"https:\/\/biosaber.pt\/fr\/produto\/filetes-de-atum-em-azeite\/","title":{"rendered":"Filetes de atum em azeite"},"content":{"rendered":"<p><b>Refer\u00eancia:<br \/>\n<\/b>CA-100<\/p>\n<p><b>Ingredientes:<br \/>\n<\/b>Atum (65%); azeite (35%) e sal.<\/p>\n<p><strong>Peso L\u00edquido:<\/strong> 120g<\/p>\n<p><strong>Declara\u00e7\u00e3o nutricional m\u00e9dia (100gr):<\/strong><br \/>\nValores m\u00e9dios por 100g de produto escorrido<br \/>\nEnergia 702 kJ \/ 167 kcal<br \/>\nL\u00edpidos 6.3 g<br \/>\ndos quais saturados 0,9g<br \/>\nHidratos de Carbono 0 g<br \/>\ndos quais a\u00e7\u00facares 0 g<br \/>\nProte\u00ednas 28 g<br \/>\nSal 1 g<\/p>\n<p class=\"p1\"><b>Alerg\u00e9nicos: <\/b>Peixe<\/p>\n<p><b>Propriedades:<\/b><br \/>\n\u2014 Prote\u00edna natural<br \/>\n\u2014 N\u00edveis altos de \u00e1cidos gordos \u00f3mega-3<br \/>\n\u2014 Baixo teor de gordura saturada.<\/p>\n<p class=\"p1\"><b>Conserva\u00e7\u00e3o<\/b>: Armazenar em local fresco e seco.<\/p>\n","protected":false},"excerpt":{"rendered":"<p class=\"p1\">Os nossos Filetes de Atum s\u00e3o naturalmente suculentos e nesta latinha encontram-se casados harmoniosamente com o azeite, sobejamente conhecido da nossa Dieta Mediterr\u00e2nea.<\/p>\n<p class=\"p1\">Este petisco far\u00e1 um brilharete \u00e0 sua mesa, simples numa colorida salada fresca ou num prato quente delicioso.<\/p>\n<p class=\"p1\">Ap\u00f3s preparados, estes Filetes de Atum selecionados s\u00e3o cozidos, depois enlatados pelas nossas conserveiras e posteriormente regados apenas em azeite.<\/p>\n<p class=\"p1\">Ideal para aperitivos e receitas r\u00e1pidas e saud\u00e1veis para toda a fam\u00edlia, juntando estes ingredientes nutritivos.<\/p>\n<p>&nbsp;<\/p>\n<p class=\"p1\">Este produto n\u00e3o necessita de qualquer prepara\u00e7\u00e3o culin\u00e1ria para ser consumido.<\/p>\n<p>&nbsp;<\/p>\n","protected":false},"featured_media":7457,"template":"","meta":{"_seopress_robots_primary_cat":"none"},"product_cat":[84,86],"product_tag":[],"_links":{"self":[{"href":"https:\/\/biosaber.pt\/fr\/wp-json\/wp\/v2\/product\/8073"}],"collection":[{"href":"https:\/\/biosaber.pt\/fr\/wp-json\/wp\/v2\/product"}],"about":[{"href":"https:\/\/biosaber.pt\/fr\/wp-json\/wp\/v2\/types\/product"}],"version-history":[{"count":6,"href":"https:\/\/biosaber.pt\/fr\/wp-json\/wp\/v2\/product\/8073\/revisions"}],"predecessor-version":[{"id":9181,"href":"https:\/\/biosaber.pt\/fr\/wp-json\/wp\/v2\/product\/8073\/revisions\/9181"}],"wp:featuredmedia":[{"embeddable":true,"href":"https:\/\/biosaber.pt\/fr\/wp-json\/wp\/v2\/media\/7457"}],"wp:attachment":[{"href":"https:\/\/biosaber.pt\/fr\/wp-json\/wp\/v2\/media?parent=8073"}],"wp:term":[{"taxonomy":"product_cat","embeddable":true,"href":"https:\/\/biosaber.pt\/fr\/wp-json\/wp\/v2\/product_cat?post=8073"},{"taxonomy":"product_tag","embeddable":true,"href":"https:\/\/biosaber.pt\/fr\/wp-json\/wp\/v2\/product_tag?post=8073"}],"curies":[{"name":"wp","href":"https:\/\/api.w.org\/{rel}","templated":true}]}}