{"id":8089,"date":"2023-05-21T17:48:24","date_gmt":"2023-05-21T17:48:24","guid":{"rendered":"https:\/\/biosaber.pt\/?post_type=product&#038;p=8089"},"modified":"2023-06-27T15:37:30","modified_gmt":"2023-06-27T15:37:30","slug":"filetes-de-atum-com-abacaxi-e-hortela-em-azeite","status":"publish","type":"product","link":"https:\/\/biosaber.pt\/fr\/produto\/filetes-de-atum-com-abacaxi-e-hortela-em-azeite\/","title":{"rendered":"Filetes de atum com abacaxi e hortel\u00e3 em azeite"},"content":{"rendered":"<p><b>Refer\u00eancia:<br \/>\n<\/b>CA-205<\/p>\n<p><b>Ingredientes:<br \/>\n<\/b>Atum (65%); azeite (22%); abacaxi (12%); hortel\u00e3 menta e sal.<\/p>\n<p><strong>Peso L\u00edquido:<\/strong> 120g<\/p>\n<p><strong>Declara\u00e7\u00e3o nutricional m\u00e9dia (100gr):<\/strong><br \/>\nValores m\u00e9dios por 100g de produto escorrido<br \/>\nEnergia 1234 kJ \/ 295 kcal<br \/>\nL\u00edpidos 25 g<br \/>\ndos quais saturados 4,3g<br \/>\nHidratos de Carbono 1,2 g<br \/>\ndos quais a\u00e7\u00facares 1,2 g<br \/>\nProte\u00ednas 16 g<br \/>\nSal 1 g<\/p>\n<p class=\"p1\"><b>Alerg\u00e9nicos: <\/b>Peixe<\/p>\n<p><b>Propriedades:<\/b><br \/>\n\u2014 Prote\u00edna natural<br \/>\n\u2014 N\u00edveis altos de \u00e1cidos gordos \u00f3mega-3<br \/>\n\u2014 Baixo teor de gordura saturada.<\/p>\n<p class=\"p1\"><b>Conserva\u00e7\u00e3o<\/b>: Armazenar em local fresco e seco.<\/p>\n","protected":false},"excerpt":{"rendered":"<p class=\"p1\">Aqui encontrar\u00e1 uns deliciosos Filetes de Atum com um toque irreverente do abacaxi e a frescura da hortel\u00e3. Este filete carnudo e sumarento \u00e9 uma das prote\u00ednas premium que o mar nos pode oferecer e isso reflete-se no sabor e na qualidade nutricional.<\/p>\n<p class=\"p1\">Os Filetes de Atum selecionados depois de preparados s\u00e3o cozidos. Cuidadosamente s\u00e3o enlatados \u00e0 m\u00e3o e depois vestidos com um peda\u00e7o de abacaxi e umas folhinhas de hortel\u00e3 fresca, todos envolvidos abundantemente em azeite.<\/p>\n<p class=\"p1\">Ideal para aperitivos e receitas r\u00e1pidas e saud\u00e1veis para toda a fam\u00edlia, juntando estes ingredientes nutritivos.<\/p>\n<p>&nbsp;<\/p>\n<p class=\"p1\">Este produto n\u00e3o necessita de qualquer prepara\u00e7\u00e3o culin\u00e1ria para ser consumido.<\/p>\n<p>&nbsp;<\/p>\n","protected":false},"featured_media":7368,"template":"","meta":{"_seopress_robots_primary_cat":"none"},"product_cat":[84,86],"product_tag":[],"_links":{"self":[{"href":"https:\/\/biosaber.pt\/fr\/wp-json\/wp\/v2\/product\/8089"}],"collection":[{"href":"https:\/\/biosaber.pt\/fr\/wp-json\/wp\/v2\/product"}],"about":[{"href":"https:\/\/biosaber.pt\/fr\/wp-json\/wp\/v2\/types\/product"}],"version-history":[{"count":5,"href":"https:\/\/biosaber.pt\/fr\/wp-json\/wp\/v2\/product\/8089\/revisions"}],"predecessor-version":[{"id":9256,"href":"https:\/\/biosaber.pt\/fr\/wp-json\/wp\/v2\/product\/8089\/revisions\/9256"}],"wp:featuredmedia":[{"embeddable":true,"href":"https:\/\/biosaber.pt\/fr\/wp-json\/wp\/v2\/media\/7368"}],"wp:attachment":[{"href":"https:\/\/biosaber.pt\/fr\/wp-json\/wp\/v2\/media?parent=8089"}],"wp:term":[{"taxonomy":"product_cat","embeddable":true,"href":"https:\/\/biosaber.pt\/fr\/wp-json\/wp\/v2\/product_cat?post=8089"},{"taxonomy":"product_tag","embeddable":true,"href":"https:\/\/biosaber.pt\/fr\/wp-json\/wp\/v2\/product_tag?post=8089"}],"curies":[{"name":"wp","href":"https:\/\/api.w.org\/{rel}","templated":true}]}}