{"id":8091,"date":"2023-05-21T17:50:55","date_gmt":"2023-05-21T17:50:55","guid":{"rendered":"https:\/\/biosaber.pt\/?post_type=product&#038;p=8091"},"modified":"2023-06-27T15:37:47","modified_gmt":"2023-06-27T15:37:47","slug":"filetes-de-atum-com-laranja-e-canela-em-azeite","status":"publish","type":"product","link":"https:\/\/biosaber.pt\/fr\/produto\/filetes-de-atum-com-laranja-e-canela-em-azeite\/","title":{"rendered":"Filetes de atum com laranja e canela em azeite"},"content":{"rendered":"<p><b>Refer\u00eancia:<br \/>\n<\/b>CA-210<\/p>\n<p><b>Ingredientes:<br \/>\n<\/b>Atum (65%); azeite (24%); laranja (8%); pau de canela (2%) e sal.<\/p>\n<p><strong>Peso L\u00edquido:<\/strong> 120g<\/p>\n<p><strong>Declara\u00e7\u00e3o nutricional m\u00e9dia (100gr):<\/strong><br \/>\nValores m\u00e9dios por 100g de produto escorrido<br \/>\nEnergia 838 kJ \/ 201 kcal<br \/>\nL\u00edpidos 10 g<br \/>\ndos quais saturados 1,6 g<br \/>\nHidratos de Carbono 0 g<br \/>\ndos quais a\u00e7\u00facares 0 g<br \/>\nProte\u00ednas 25 g<br \/>\nSal 1,3 g<\/p>\n<p class=\"p1\"><b>Alerg\u00e9nicos: <\/b>Peixe<\/p>\n<p><b>Propriedades:<\/b><br \/>\n\u2014 Prote\u00edna natural<br \/>\n\u2014 N\u00edveis altos de \u00e1cidos gordos \u00f3mega-3<br \/>\n\u2014 Baixo teor de gordura saturada.<\/p>\n<p class=\"p1\"><b>Conserva\u00e7\u00e3o<\/b>: Armazenar em local fresco e seco.<\/p>\n","protected":false},"excerpt":{"rendered":"<p class=\"p1\">Os nossos Filetes de Atum s\u00e3o uma tenta\u00e7\u00e3o quando se re\u00fanem ao toque c\u00edtrico fresco de laranja e o conforto arom\u00e1tico da canela. Inacreditavelmente, todos estes sabores casam maravilhosamente no paladar e conferem-lhe um olfato guloso.<\/p>\n<p class=\"p1\">Os nossos Filetes de Atum passam por um processo de sele\u00e7\u00e3o, para depois serem cozidos. Cuidadosamente, um a um s\u00e3o dispostos \u00e0 m\u00e3o e com meia rodela de laranja e uma lasca de pau canela, selados indulgentemente em azeite.<\/p>\n<p class=\"p1\">Ideal para aperitivos e receitas r\u00e1pidas e saud\u00e1veis para toda a fam\u00edlia, juntando estes ingredientes nutritivos.<\/p>\n<p>&nbsp;<\/p>\n<p class=\"p1\">Este produto n\u00e3o necessita de qualquer prepara\u00e7\u00e3o culin\u00e1ria para ser consumido.<\/p>\n<p>&nbsp;<\/p>\n","protected":false},"featured_media":7400,"template":"","meta":{"_seopress_robots_primary_cat":"none"},"product_cat":[84,86],"product_tag":[],"_links":{"self":[{"href":"https:\/\/biosaber.pt\/fr\/wp-json\/wp\/v2\/product\/8091"}],"collection":[{"href":"https:\/\/biosaber.pt\/fr\/wp-json\/wp\/v2\/product"}],"about":[{"href":"https:\/\/biosaber.pt\/fr\/wp-json\/wp\/v2\/types\/product"}],"version-history":[{"count":3,"href":"https:\/\/biosaber.pt\/fr\/wp-json\/wp\/v2\/product\/8091\/revisions"}],"predecessor-version":[{"id":9192,"href":"https:\/\/biosaber.pt\/fr\/wp-json\/wp\/v2\/product\/8091\/revisions\/9192"}],"wp:featuredmedia":[{"embeddable":true,"href":"https:\/\/biosaber.pt\/fr\/wp-json\/wp\/v2\/media\/7400"}],"wp:attachment":[{"href":"https:\/\/biosaber.pt\/fr\/wp-json\/wp\/v2\/media?parent=8091"}],"wp:term":[{"taxonomy":"product_cat","embeddable":true,"href":"https:\/\/biosaber.pt\/fr\/wp-json\/wp\/v2\/product_cat?post=8091"},{"taxonomy":"product_tag","embeddable":true,"href":"https:\/\/biosaber.pt\/fr\/wp-json\/wp\/v2\/product_tag?post=8091"}],"curies":[{"name":"wp","href":"https:\/\/api.w.org\/{rel}","templated":true}]}}