{"id":8100,"date":"2023-05-21T18:16:49","date_gmt":"2023-05-21T18:16:49","guid":{"rendered":"https:\/\/biosaber.pt\/?post_type=product&#038;p=8100"},"modified":"2023-06-27T15:32:57","modified_gmt":"2023-06-27T15:32:57","slug":"filetes-de-atum-com-tomate-seco-oregaos-e-piri-piri-em-azeite","status":"publish","type":"product","link":"https:\/\/biosaber.pt\/fr\/produto\/filetes-de-atum-com-tomate-seco-oregaos-e-piri-piri-em-azeite\/","title":{"rendered":"Filetes de atum com tomate seco, oreg\u00e3os e piri-piri em azeite"},"content":{"rendered":"\t\t<div data-elementor-type=\"wp-post\" data-elementor-id=\"8100\" class=\"elementor elementor-8100\">\n\t\t\t\t\t\t<section class=\"elementor-section elementor-top-section elementor-element elementor-element-34da5c54 elementor-section-boxed elementor-section-height-default elementor-section-height-default\" data-id=\"34da5c54\" data-element_type=\"section\">\n\t\t\t\t\t\t<div class=\"elementor-container elementor-column-gap-default\">\n\t\t\t\t\t<div class=\"elementor-column elementor-col-100 elementor-top-column elementor-element elementor-element-6c8c1fbc\" data-id=\"6c8c1fbc\" data-element_type=\"column\">\n\t\t\t<div class=\"elementor-widget-wrap elementor-element-populated\">\n\t\t\t\t\t\t<div class=\"elementor-element elementor-element-68871629 elementor-widget elementor-widget-text-editor\" data-id=\"68871629\" data-element_type=\"widget\" data-widget_type=\"text-editor.default\">\n\t\t\t\t<div class=\"elementor-widget-container\">\n\t\t\t<style>\/*! elementor - v3.21.0 - 26-05-2024 *\/\n.elementor-widget-text-editor.elementor-drop-cap-view-stacked .elementor-drop-cap{background-color:#69727d;color:#fff}.elementor-widget-text-editor.elementor-drop-cap-view-framed .elementor-drop-cap{color:#69727d;border:3px solid;background-color:transparent}.elementor-widget-text-editor:not(.elementor-drop-cap-view-default) .elementor-drop-cap{margin-top:8px}.elementor-widget-text-editor:not(.elementor-drop-cap-view-default) .elementor-drop-cap-letter{width:1em;height:1em}.elementor-widget-text-editor .elementor-drop-cap{float:left;text-align:center;line-height:1;font-size:50px}.elementor-widget-text-editor .elementor-drop-cap-letter{display:inline-block}<\/style>\t\t\t\t<b>Refer\u00eancia:\r\n<\/b>CA-215\r\n\r\n<b>Ingredientes:\r\n<\/b>Atum (65%); azeite (28%); tomate seco (6%); or\u00e9g\u00e3os; piripiri e sal.\r\n\r\n<strong>Peso L\u00edquido:<\/strong> 120g\r\n\r\n<strong>Declara\u00e7\u00e3o nutricional m\u00e9dia (100gr):<\/strong>\r\nValores m\u00e9dios por 100g de produto escorrido\r\nEnergia 1370 \/ kJ 327 kcal\r\nL\u00edpidos 29 g\r\ndos quais saturados 4,5g\r\nHidratos de Carbono &lt; 0,5 g\r\ndos quais a\u00e7\u00facares &lt; 0,5 g\r\nProte\u00ednas 16 g\r\nSal 1 g\r\n<p class=\"p1\"><b>Alerg\u00e9nicos: <\/b>Peixe<\/p>\r\n<b>Propriedades:<\/b>\r\n\u2014 Prote\u00edna natural\r\n\u2014 N\u00edveis altos de \u00e1cidos gordos \u00f3mega-3\r\n\u2014 Baixo teor de gordura saturada.\r\n<p class=\"p1\"><b>Conserva\u00e7\u00e3o<\/b>: Armazenar em local fresco e seco.<\/p>\t\t\t\t\t\t<\/div>\n\t\t\t\t<\/div>\n\t\t\t\t\t<\/div>\n\t\t<\/div>\n\t\t\t\t\t<\/div>\n\t\t<\/section>\n\t\t\t\t<\/div>\n\t\t","protected":false},"excerpt":{"rendered":"<p>Se procura sabores mais intensos e ligeiramente picantes, esta receita de Filetes de Atum \u00e9 para si.<\/p>\n<p>Os nossos Filetes de Atum fazem-se acompanhar por tr\u00eas ingredientes distintos, mas que se complementam de forma elegante. O tomate seco apresenta um sabor adocicado e levemente \u00e1cido, enquanto as folhinhas frescas de or\u00e9g\u00e3os e a malagueta oferecem notas audazes ao seu paladar.<\/p>\n<p>Depois de selecionados e preparados, os Filetes de Atum s\u00e3o cozidos. Cuidadosamente s\u00e3o enlatados pelas nossas conserveiras, adicionando meio tomate seco, umas folhas frescas de oreg\u00e3os e uma vagem fresca de piri-piri, finalizando com azeite.<\/p>\n<p>O piri-piri apresenta a capsaicina (que \u00e9 conhecida por ativar a circula\u00e7\u00e3o sangu\u00ednea e tem efeitos anti-inflamat\u00f3rios) e o tomate tem propriedades antioxidantes e \u00e9 rico em vitaminas A, B, C e E (por exemplo).<\/p>\n<p>Ideal para aperitivos e receitas r\u00e1pidas e saud\u00e1veis para toda a fam\u00edlia, juntando estes ingredientes nutritivos.<\/p>\n<p>Este produto n\u00e3o necessita de qualquer prepara\u00e7\u00e3o culin\u00e1ria para ser consumido.<\/p>\n<p>&nbsp;<\/p>\n","protected":false},"featured_media":8433,"template":"","meta":{"_seopress_robots_primary_cat":"none"},"product_cat":[84,86],"product_tag":[],"_links":{"self":[{"href":"https:\/\/biosaber.pt\/fr\/wp-json\/wp\/v2\/product\/8100"}],"collection":[{"href":"https:\/\/biosaber.pt\/fr\/wp-json\/wp\/v2\/product"}],"about":[{"href":"https:\/\/biosaber.pt\/fr\/wp-json\/wp\/v2\/types\/product"}],"version-history":[{"count":26,"href":"https:\/\/biosaber.pt\/fr\/wp-json\/wp\/v2\/product\/8100\/revisions"}],"predecessor-version":[{"id":9349,"href":"https:\/\/biosaber.pt\/fr\/wp-json\/wp\/v2\/product\/8100\/revisions\/9349"}],"wp:featuredmedia":[{"embeddable":true,"href":"https:\/\/biosaber.pt\/fr\/wp-json\/wp\/v2\/media\/8433"}],"wp:attachment":[{"href":"https:\/\/biosaber.pt\/fr\/wp-json\/wp\/v2\/media?parent=8100"}],"wp:term":[{"taxonomy":"product_cat","embeddable":true,"href":"https:\/\/biosaber.pt\/fr\/wp-json\/wp\/v2\/product_cat?post=8100"},{"taxonomy":"product_tag","embeddable":true,"href":"https:\/\/biosaber.pt\/fr\/wp-json\/wp\/v2\/product_tag?post=8100"}],"curies":[{"name":"wp","href":"https:\/\/api.w.org\/{rel}","templated":true}]}}